{"id":73958,"date":"2015-05-28T14:54:07","date_gmt":"2015-05-28T07:54:07","guid":{"rendered":"http:\/\/vnh.local\/structure\/?page_id=73958"},"modified":"2026-03-13T13:23:42","modified_gmt":"2026-03-13T12:23:42","slug":"history","status":"publish","type":"page","link":"https:\/\/www.eams-industrie.com\/en\/eams-industrie\/historique\/","title":{"rendered":"History"},"content":{"rendered":"<p>The company <strong>EAMS Industrie<\/strong> was founded in 1998 by the PIRIOU shipyard in Concarneau and its current manager, <strong>Gilbert Gourmelen<\/strong>, The management team and some of the production staff came from the Franco-American group Mather &amp; Platt, followed by FMC, now JBT MAREL, both of which specialised in vegetable harvesting and processing at the time, and were successively based in Quimper from 1956 to 1997. The second company was wound up at the end of 1997. This team therefore had extensive expertise in the design and manufacture of vegetable preparation lines. <strong>EAMS Industrie<\/strong> thus began its collaboration with its majority shareholder by building boiler-making equipment for ships under construction in Concarneau, while at the same time relaunching the construction activity for the agri-food industry. It is thanks to the immediate confidence of the industrialists mentioned on this site that<strong> EAMS Industrie<\/strong> has over the years become a specialist in vegetable processing equipment, the full range of which you will find on the following pages.<\/p>","protected":false},"excerpt":{"rendered":"<p>La soci\u00e9t\u00e9 EAMS Industrie a \u00e9t\u00e9 fond\u00e9e en 1998 par les chantiers navals PIRIOU de Concarneau et son actuel g\u00e9rant, Gilbert Gourmelen, l\u2019\u00e9quipe de direction ainsi qu\u2019une partie du personnel de fabrication \u00e9tant issus du groupe Franco-Am\u00e9ricain Mather &amp; Platt suivi de FMC aujourd&rsquo;hui JBT MAREL, toutes 2 \u00e0 l&rsquo;\u00e9poque sp\u00e9cialistes de la r\u00e9colte et [&hellip;]<\/p>\n","protected":false},"author":1,"featured_media":78228,"parent":61,"menu_order":0,"comment_status":"closed","ping_status":"closed","template":"","meta":{"_acf_changed":false,"iawp_total_views":4,"footnotes":""},"class_list":["post-73958","page","type-page","status-publish","has-post-thumbnail","hentry"],"acf":[],"yoast_head":"<!-- This site is optimized with the Yoast SEO plugin v27.4 - https:\/\/yoast.com\/product\/yoast-seo-wordpress\/ -->\n<title>Historique - EAMS Industrie<\/title>\n<meta name=\"robots\" content=\"index, follow, max-snippet:-1, max-image-preview:large, max-video-preview:-1\" \/>\n<link rel=\"canonical\" href=\"https:\/\/www.eams-industrie.com\/en\/eams-industrie\/history\/\" \/>\n<meta property=\"og:locale\" content=\"en_GB\" \/>\n<meta property=\"og:type\" content=\"article\" \/>\n<meta property=\"og:title\" content=\"Historique - EAMS Industrie\" \/>\n<meta property=\"og:description\" content=\"La soci\u00e9t\u00e9 EAMS Industrie a \u00e9t\u00e9 fond\u00e9e en 1998 par les chantiers navals PIRIOU de Concarneau et son actuel g\u00e9rant, Gilbert Gourmelen, l\u2019\u00e9quipe de direction ainsi qu\u2019une partie du personnel de fabrication \u00e9tant issus du groupe Franco-Am\u00e9ricain Mather &amp; Platt suivi de FMC aujourd&rsquo;hui JBT MAREL, toutes 2 \u00e0 l&rsquo;\u00e9poque sp\u00e9cialistes de la r\u00e9colte et [&hellip;]\" \/>\n<meta property=\"og:url\" content=\"https:\/\/www.eams-industrie.com\/en\/eams-industrie\/history\/\" \/>\n<meta property=\"og:site_name\" content=\"EAMS Industrie\" \/>\n<meta property=\"article:modified_time\" content=\"2026-03-13T12:23:42+00:00\" \/>\n<meta property=\"og:image\" content=\"https:\/\/www.eams-industrie.com\/wp-content\/uploads\/2026\/01\/matther-1968-scaled.jpg\" \/>\n\t<meta property=\"og:image:width\" content=\"2560\" \/>\n\t<meta property=\"og:image:height\" content=\"2003\" \/>\n\t<meta property=\"og:image:type\" content=\"image\/jpeg\" \/>\n<meta name=\"twitter:card\" content=\"summary_large_image\" \/>\n<meta name=\"twitter:label1\" content=\"Estimated reading time\" \/>\n\t<meta name=\"twitter:data1\" content=\"2 minutes\" \/>\n<script type=\"application\/ld+json\" class=\"yoast-schema-graph\">{\"@context\":\"https:\\\/\\\/schema.org\",\"@graph\":[{\"@type\":\"WebPage\",\"@id\":\"https:\\\/\\\/www.eams-industrie.com\\\/eams-industrie\\\/historique\\\/\",\"url\":\"https:\\\/\\\/www.eams-industrie.com\\\/eams-industrie\\\/historique\\\/\",\"name\":\"Historique - EAMS Industrie\",\"isPartOf\":{\"@id\":\"https:\\\/\\\/www.eams-industrie.com\\\/#website\"},\"primaryImageOfPage\":{\"@id\":\"https:\\\/\\\/www.eams-industrie.com\\\/eams-industrie\\\/historique\\\/#primaryimage\"},\"image\":{\"@id\":\"https:\\\/\\\/www.eams-industrie.com\\\/eams-industrie\\\/historique\\\/#primaryimage\"},\"thumbnailUrl\":\"https:\\\/\\\/www.eams-industrie.com\\\/wp-content\\\/uploads\\\/2026\\\/01\\\/matther-1968-scaled.jpg\",\"datePublished\":\"2015-05-28T07:54:07+00:00\",\"dateModified\":\"2026-03-13T12:23:42+00:00\",\"breadcrumb\":{\"@id\":\"https:\\\/\\\/www.eams-industrie.com\\\/eams-industrie\\\/historique\\\/#breadcrumb\"},\"inLanguage\":\"en-GB\",\"potentialAction\":[{\"@type\":\"ReadAction\",\"target\":[\"https:\\\/\\\/www.eams-industrie.com\\\/eams-industrie\\\/historique\\\/\"]}]},{\"@type\":\"ImageObject\",\"inLanguage\":\"en-GB\",\"@id\":\"https:\\\/\\\/www.eams-industrie.com\\\/eams-industrie\\\/historique\\\/#primaryimage\",\"url\":\"https:\\\/\\\/www.eams-industrie.com\\\/wp-content\\\/uploads\\\/2026\\\/01\\\/matther-1968-scaled.jpg\",\"contentUrl\":\"https:\\\/\\\/www.eams-industrie.com\\\/wp-content\\\/uploads\\\/2026\\\/01\\\/matther-1968-scaled.jpg\",\"width\":2560,\"height\":2003},{\"@type\":\"BreadcrumbList\",\"@id\":\"https:\\\/\\\/www.eams-industrie.com\\\/eams-industrie\\\/historique\\\/#breadcrumb\",\"itemListElement\":[{\"@type\":\"ListItem\",\"position\":1,\"name\":\"Accueil\",\"item\":\"https:\\\/\\\/www.eams-industrie.com\\\/\"},{\"@type\":\"ListItem\",\"position\":2,\"name\":\"EAMS Industrie\",\"item\":\"https:\\\/\\\/www.eams-industrie.com\\\/eams-industrie\\\/\"},{\"@type\":\"ListItem\",\"position\":3,\"name\":\"Historique\"}]},{\"@type\":\"WebSite\",\"@id\":\"https:\\\/\\\/www.eams-industrie.com\\\/#website\",\"url\":\"https:\\\/\\\/www.eams-industrie.com\\\/\",\"name\":\"EAMS Industrie\",\"description\":\"Conception et fabrication d\u2019\u00e9quipements pour l\u2019agroalimentaire et l\u2019industrie\",\"publisher\":{\"@id\":\"https:\\\/\\\/www.eams-industrie.com\\\/#organization\"},\"potentialAction\":[{\"@type\":\"SearchAction\",\"target\":{\"@type\":\"EntryPoint\",\"urlTemplate\":\"https:\\\/\\\/www.eams-industrie.com\\\/?s={search_term_string}\"},\"query-input\":{\"@type\":\"PropertyValueSpecification\",\"valueRequired\":true,\"valueName\":\"search_term_string\"}}],\"inLanguage\":\"en-GB\"},{\"@type\":\"Organization\",\"@id\":\"https:\\\/\\\/www.eams-industrie.com\\\/#organization\",\"name\":\"EAMS Industrie\",\"url\":\"https:\\\/\\\/www.eams-industrie.com\\\/\",\"logo\":{\"@type\":\"ImageObject\",\"inLanguage\":\"en-GB\",\"@id\":\"https:\\\/\\\/www.eams-industrie.com\\\/#\\\/schema\\\/logo\\\/image\\\/\",\"url\":\"https:\\\/\\\/www.eams-industrie.com\\\/wp-content\\\/uploads\\\/2023\\\/01\\\/Logo-EAMS.svg\",\"contentUrl\":\"https:\\\/\\\/www.eams-industrie.com\\\/wp-content\\\/uploads\\\/2023\\\/01\\\/Logo-EAMS.svg\",\"width\":149,\"height\":71,\"caption\":\"EAMS Industrie\"},\"image\":{\"@id\":\"https:\\\/\\\/www.eams-industrie.com\\\/#\\\/schema\\\/logo\\\/image\\\/\"}}]}<\/script>\n<!-- \/ Yoast SEO plugin. -->","yoast_head_json":{"title":"History - EAMS Industrie","robots":{"index":"index","follow":"follow","max-snippet":"max-snippet:-1","max-image-preview":"max-image-preview:large","max-video-preview":"max-video-preview:-1"},"canonical":"https:\/\/www.eams-industrie.com\/en\/eams-industrie\/history\/","og_locale":"en_GB","og_type":"article","og_title":"Historique - EAMS Industrie","og_description":"La soci\u00e9t\u00e9 EAMS Industrie a \u00e9t\u00e9 fond\u00e9e en 1998 par les chantiers navals PIRIOU de Concarneau et son actuel g\u00e9rant, Gilbert Gourmelen, l\u2019\u00e9quipe de direction ainsi qu\u2019une partie du personnel de fabrication \u00e9tant issus du groupe Franco-Am\u00e9ricain Mather &amp; Platt suivi de FMC aujourd&rsquo;hui JBT MAREL, toutes 2 \u00e0 l&rsquo;\u00e9poque sp\u00e9cialistes de la r\u00e9colte et [&hellip;]","og_url":"https:\/\/www.eams-industrie.com\/en\/eams-industrie\/history\/","og_site_name":"EAMS Industrie","article_modified_time":"2026-03-13T12:23:42+00:00","og_image":[{"width":2560,"height":2003,"url":"https:\/\/www.eams-industrie.com\/wp-content\/uploads\/2026\/01\/matther-1968-scaled.jpg","type":"image\/jpeg"}],"twitter_card":"summary_large_image","twitter_misc":{"Estimated reading time":"2 minutes"},"schema":{"@context":"https:\/\/schema.org","@graph":[{"@type":"WebPage","@id":"https:\/\/www.eams-industrie.com\/eams-industrie\/historique\/","url":"https:\/\/www.eams-industrie.com\/eams-industrie\/historique\/","name":"History - EAMS Industrie","isPartOf":{"@id":"https:\/\/www.eams-industrie.com\/#website"},"primaryImageOfPage":{"@id":"https:\/\/www.eams-industrie.com\/eams-industrie\/historique\/#primaryimage"},"image":{"@id":"https:\/\/www.eams-industrie.com\/eams-industrie\/historique\/#primaryimage"},"thumbnailUrl":"https:\/\/www.eams-industrie.com\/wp-content\/uploads\/2026\/01\/matther-1968-scaled.jpg","datePublished":"2015-05-28T07:54:07+00:00","dateModified":"2026-03-13T12:23:42+00:00","breadcrumb":{"@id":"https:\/\/www.eams-industrie.com\/eams-industrie\/historique\/#breadcrumb"},"inLanguage":"en-GB","potentialAction":[{"@type":"ReadAction","target":["https:\/\/www.eams-industrie.com\/eams-industrie\/historique\/"]}]},{"@type":"ImageObject","inLanguage":"en-GB","@id":"https:\/\/www.eams-industrie.com\/eams-industrie\/historique\/#primaryimage","url":"https:\/\/www.eams-industrie.com\/wp-content\/uploads\/2026\/01\/matther-1968-scaled.jpg","contentUrl":"https:\/\/www.eams-industrie.com\/wp-content\/uploads\/2026\/01\/matther-1968-scaled.jpg","width":2560,"height":2003},{"@type":"BreadcrumbList","@id":"https:\/\/www.eams-industrie.com\/eams-industrie\/historique\/#breadcrumb","itemListElement":[{"@type":"ListItem","position":1,"name":"Accueil","item":"https:\/\/www.eams-industrie.com\/"},{"@type":"ListItem","position":2,"name":"EAMS Industrie","item":"https:\/\/www.eams-industrie.com\/eams-industrie\/"},{"@type":"ListItem","position":3,"name":"Historique"}]},{"@type":"WebSite","@id":"https:\/\/www.eams-industrie.com\/#website","url":"https:\/\/www.eams-industrie.com\/","name":"EAMS Industrie","description":"Design and manufacture of equipment for the agri-food and industrial sectors","publisher":{"@id":"https:\/\/www.eams-industrie.com\/#organization"},"potentialAction":[{"@type":"SearchAction","target":{"@type":"EntryPoint","urlTemplate":"https:\/\/www.eams-industrie.com\/?s={search_term_string}"},"query-input":{"@type":"PropertyValueSpecification","valueRequired":true,"valueName":"search_term_string"}}],"inLanguage":"en-GB"},{"@type":"Organization","@id":"https:\/\/www.eams-industrie.com\/#organization","name":"EAMS Industrie","url":"https:\/\/www.eams-industrie.com\/","logo":{"@type":"ImageObject","inLanguage":"en-GB","@id":"https:\/\/www.eams-industrie.com\/#\/schema\/logo\/image\/","url":"https:\/\/www.eams-industrie.com\/wp-content\/uploads\/2023\/01\/Logo-EAMS.svg","contentUrl":"https:\/\/www.eams-industrie.com\/wp-content\/uploads\/2023\/01\/Logo-EAMS.svg","width":149,"height":71,"caption":"EAMS Industrie"},"image":{"@id":"https:\/\/www.eams-industrie.com\/#\/schema\/logo\/image\/"}}]}},"_links":{"self":[{"href":"https:\/\/www.eams-industrie.com\/en\/wp-json\/wp\/v2\/pages\/73958","targetHints":{"allow":["GET"]}}],"collection":[{"href":"https:\/\/www.eams-industrie.com\/en\/wp-json\/wp\/v2\/pages"}],"about":[{"href":"https:\/\/www.eams-industrie.com\/en\/wp-json\/wp\/v2\/types\/page"}],"author":[{"embeddable":true,"href":"https:\/\/www.eams-industrie.com\/en\/wp-json\/wp\/v2\/users\/1"}],"replies":[{"embeddable":true,"href":"https:\/\/www.eams-industrie.com\/en\/wp-json\/wp\/v2\/comments?post=73958"}],"version-history":[{"count":4,"href":"https:\/\/www.eams-industrie.com\/en\/wp-json\/wp\/v2\/pages\/73958\/revisions"}],"predecessor-version":[{"id":79736,"href":"https:\/\/www.eams-industrie.com\/en\/wp-json\/wp\/v2\/pages\/73958\/revisions\/79736"}],"up":[{"embeddable":true,"href":"https:\/\/www.eams-industrie.com\/en\/wp-json\/wp\/v2\/pages\/61"}],"wp:featuredmedia":[{"embeddable":true,"href":"https:\/\/www.eams-industrie.com\/en\/wp-json\/wp\/v2\/media\/78228"}],"wp:attachment":[{"href":"https:\/\/www.eams-industrie.com\/en\/wp-json\/wp\/v2\/media?parent=73958"}],"curies":[{"name":"wp","href":"https:\/\/api.w.org\/{rel}","templated":true}]}}