{"id":75064,"date":"2016-11-26T20:18:19","date_gmt":"2016-11-26T19:18:19","guid":{"rendered":"http:\/\/eams.redmuffin.xyz\/?page_id=75064"},"modified":"2026-03-18T15:13:48","modified_gmt":"2026-03-18T14:13:48","slug":"legal-information","status":"publish","type":"page","link":"https:\/\/www.eams-industrie.com\/en\/mentions-legales\/","title":{"rendered":"Legal information"},"content":{"rendered":"<div data-elementor-type=\"wp-page\" data-elementor-id=\"75064\" class=\"elementor elementor-75064\" data-elementor-post-type=\"page\">\n\t\t\t\t<div class=\"elementor-element elementor-element-e559c7b e-con-full elementor-container-cat-bg e-flex e-con e-parent\" data-id=\"e559c7b\" data-element_type=\"container\" data-e-type=\"container\" data-settings=\"{&quot;background_background&quot;:&quot;classic&quot;}\" data-bg=\"\">\n\t\t<div class=\"elementor-element elementor-element-878a36a e-flex e-con-boxed e-con e-child\" data-id=\"878a36a\" data-element_type=\"container\" data-e-type=\"container\">\n\t\t\t\t\t<div class=\"e-con-inner\">\n\t\t\t\t\t<\/div>\n\t\t\t\t<\/div>\n\t\t\t\t<\/div>\n\t\t<div class=\"elementor-element elementor-element-3eb8e80 e-flex e-con-boxed e-con e-parent\" data-id=\"3eb8e80\" data-element_type=\"container\" data-e-type=\"container\">\n\t\t\t\t\t<div class=\"e-con-inner\">\n\t\t\t\t<div class=\"elementor-element elementor-element-1d7e9db elementor-widget elementor-widget-text-editor\" data-id=\"1d7e9db\" data-element_type=\"widget\" data-e-type=\"widget\" data-widget_type=\"text-editor.default\">\n\t\t\t\t\t\t\t\t\t<h3><strong>1. Presentation of the site :<\/strong><\/h3><p>In accordance with the provisions of Articles 6-III and 19 of Law No. 2004-575 of 21 June 2004 on Confidence in the Digital Economy, known as the L.C.E.N., we draw the attention of users and visitors to the : <a href=\"https:\/\/www.eams-industrie.com\/en\/\" target=\"_blank\" rel=\"noopener\">eams-industrie.com<\/a> the following information:<\/p><p style=\"text-align: justify;\"><strong>Legal information : <\/strong><\/p><p style=\"text-align: justify;\">Owner status : <strong>company<\/strong><br \/>Prefix : <strong>SARL<\/strong><br \/>Company name :<strong> EAMS Industrie<\/strong><br \/>Address: <strong>127 Vieille route de Rosporden 29000 Quimper<\/strong><br \/>Tel: <strong>+33 2 98 90 80 80<\/strong><br \/>Capital of :<strong> 80 000,00 \u20ac<\/strong><br \/>SIRET :\u00a0 <strong>41773929900010<br \/><\/strong>R.C.S. :<strong> 24-02-1998<\/strong><br \/>E-mail address : <a href=\"mailto:contact@eams-industrie.com\"><strong>contact@eams-industrie.com<\/strong><\/a><\/p><p>The person responsible for the publication is : <strong>Gilbert Gourmelen<\/strong><br \/>Contact the publication manager: <b>contact@eams-industrie.com<\/b><\/p><p>The Webmaster is : <strong>Maxime Gourmelen<br \/><\/strong>Website :\u00a0<a href=\"http:\/\/maxgourmelen.com\">maxgourmelen.com<\/a><br \/>Contact the Webmaster : <strong><a href=\"mailto:contact@maxgourmelen.com?subject=Contact \u00ef\u00bf\u00bd partir des mentions l\u00ef\u00bf\u00bdgales via le site eams-industrie.com\">contact@maxgourmelen.com<\/a><\/strong><br \/>The website host is : <strong>O2Switch, France<\/strong><\/p><h3><strong>2. Description of the services provided :<\/strong><\/h3><p>The website <a href=\"https:\/\/www.eams-industrie.com\/en\/\" target=\"_blank\" rel=\"noopener\">eams-industrie.com<\/a> is to provide information about all of the company's activities.<br \/>The owner of the site endeavours to provide on the site <a href=\"https:\/\/www.eams-industrie.com\/en\/\" target=\"_blank\" rel=\"noopener\">eams-industrie.com<\/a> information as accurate as possible. However, it cannot be held responsible for any omissions, inaccuracies or failures to update the information, whether these are its fault or the fault of third-party partners who provide the information.<br \/>All the information on the site <a href=\"https:\/\/www.eams-industrie.com\/en\/\" target=\"_blank\" rel=\"noopener\">eams-industrie.com<\/a> are given for information only, are non-exhaustive and are subject to change. They are subject to any changes that may have been made since they were put online.<\/p><h3 style=\"text-align: justify;\"><strong>3. Intellectual property and counterfeiting :<\/strong><\/h3><p style=\"text-align: justify;\">The owner of the site is the owner of the intellectual property rights or holds the rights of use on all the elements accessible on the site, in particular the texts, images, graphics, logos, icons, sounds, software...<br \/>Any reproduction, representation, modification, publication, total or partial adaptation of the elements of the site, whatever the means or the process used, is prohibited, except prior written authorization to the email : <a href=\"mailto:contact@maxgourmelen.com?subject=Contact \u00ef\u00bf\u00bd partir des mentions l\u00ef\u00bf\u00bdgales via le site eams-industrie.com\"><strong>contact@maxgourmelen.com<\/strong><\/a>\u00a0.<br \/>Any unauthorised use of the site or of any of the elements it contains will be considered as constituting an infringement and will be prosecuted in accordance with the provisions of articles L.335-2 et seq. of the French Intellectual Property Code.<\/p><h3 style=\"text-align: justify;\"><strong>4. Hypertext links and cookies :<\/strong><\/h3><p>The website <a href=\"https:\/\/www.eams-industrie.com\/en\/\" target=\"_blank\" rel=\"noopener\">eams-industrie.com<\/a> contains a number of hypertext links to other sites (partners, information, etc.) set up with the authorisation of the site owner. However, the owner of the site does not have the possibility of checking the content of the sites visited in this way and therefore declines all responsibility for any risks of illicit content.<\/p><p>Users are informed that during their visits to the site <a href=\"https:\/\/www.eams-industrie.com\/en\/\" target=\"_blank\" rel=\"noopener\">eams-industrie.com<\/a>, In this case, one or more cookies may be automatically installed on the user's computer. A cookie is a small file which does not allow the user to be identified, but which records information relating to the browsing of a computer on a site. The data obtained in this way is intended to facilitate subsequent browsing of the site and is also used to measure visitor numbers.<\/p><p>You can set your browser to notify you when you receive a cookie and refuse it if you wish, as described at the following address: www.cnil.fr<br \/>Refusal to install a cookie may make it impossible to access certain services. However, users can configure their computer as follows to refuse the installation of cookies:<br \/>In Internet Explorer: Tools tab \/ Internet options. Click on Confidentiality and choose Block all cookies. Confirm with Ok.<br \/>In Netscape: Edit \/ Preferences tab. Click on Advanced and choose Deactivate cookies. Confirm with Ok.<\/p><h3 style=\"text-align: justify;\"><strong>5. Protection of people and property - management of personal data :<\/strong><\/h3><p>User: Internet user logging on and using the above-mentioned site: <a href=\"https:\/\/www.eams-industrie.com\/en\/\" target=\"_blank\" rel=\"noopener\">eams-industrie.com<\/a><br \/>In France, personal data is protected by law no. 78-87 of 6 January 1978, law no. 2004-801 of 6 August 2004, article L. 226-13 of the Criminal Code and the European Directive of 24 October 1995.<\/p><p style=\"text-align: justify;\">On the website <a href=\"https:\/\/www.eams-industrie.com\/en\/\" target=\"_blank\" rel=\"noopener\">eams-industrie.com<\/a>, The owner of the site only collects personal information relating to the user for the purposes of certain services offered by the site. <a href=\"https:\/\/www.eams-industrie.com\/en\/\" target=\"_blank\" rel=\"noopener\">eams-industrie.com<\/a>. Users provide this information with full knowledge of the facts, particularly when they enter it themselves. The user of the <a href=\"https:\/\/www.eams-industrie.com\/en\/\" target=\"_blank\" rel=\"noopener\">eams-industrie.com<\/a> the obligation to provide this information.<br \/>In accordance with the provisions of articles 38 et seq. of the French Data Protection Act 78-17 of 6 January 1978, all users have the right to access, rectify, delete and oppose any personal data concerning them. To exercise this right, send your request to <a href=\"https:\/\/www.eams-industrie.com\/en\/\" target=\"_blank\" rel=\"noopener\">eams-industrie.com<\/a> by email: email of the webmaster or by sending a written and signed request, accompanied by a copy of the identity document with signature of the holder of the document, specifying the address to which the reply should be sent.<\/p><p style=\"text-align: justify;\">No personal information about the user of the <a href=\"https:\/\/www.eams-industrie.com\/en\/\" target=\"_blank\" rel=\"noopener\">eams-industrie.com<\/a> is published without the user's knowledge, exchanged, transferred, assigned or sold on any medium whatsoever to third parties. Only the assumption of the purchase of the site <a href=\"https:\/\/www.eams-industrie.com\/en\/\" target=\"_blank\" rel=\"noopener\">eams-industrie.com<\/a> to the owner of the site and its rights would allow the transmission of the said information to the possible purchaser who would be in turn held of the same obligation of conservation and modification of the data with respect to the user of the site. <a href=\"https:\/\/www.eams-industrie.com\/en\/\" target=\"_blank\" rel=\"noopener\">eams-industrie.com<\/a>.<\/p><p style=\"text-align: justify;\">The eams-industrie.com website complies with the RGPD see our RGPD policy\u00a0 <a href=\"https:\/\/www.eams-industrie.com\/en\/rgpd-2\/\">eams-industrie.com\/rgpd.<\/a><\/p><p style=\"text-align: justify;\">Databases are protected by the provisions of the Law of 1 July 1998 transposing Directive 96\/9 of 11 March 1996 on the legal protection of databases.<\/p>\t\t\t\t\t\t\t\t<\/div>\n\t\t\t\t\t<\/div>\n\t\t\t\t<\/div>\n\t\t\t\t<\/div>","protected":false},"excerpt":{"rendered":"<p>1. Pr\u00e9sentation du site : Conform\u00e9ment aux dispositions des articles 6-III et 19 de la Loi n\u00b0 2004-575 du 21 juin 2004 pour la Confiance dans l&rsquo;\u00e9conomie num\u00e9rique, dite L.C.E.N., nous portons \u00e0 la connaissance des utilisateurs et visiteurs du site : eams-industrie.com les informations suivantes : Informations l\u00e9gales : Statut du propri\u00e9taire : societePr\u00e9fixe [&hellip;]<\/p>\n","protected":false},"author":1,"featured_media":79418,"parent":0,"menu_order":0,"comment_status":"closed","ping_status":"closed","template":"elementor_header_footer","meta":{"_acf_changed":false,"iawp_total_views":13,"footnotes":""},"class_list":["post-75064","page","type-page","status-publish","has-post-thumbnail","hentry"],"acf":[],"yoast_head":"<!-- This site is optimized with the Yoast SEO plugin v27.4 - https:\/\/yoast.com\/product\/yoast-seo-wordpress\/ -->\n<title>Mentions l\u00e9gales - EAMS Industrie<\/title>\n<meta name=\"robots\" content=\"noindex, nofollow\" \/>\n<meta property=\"og:locale\" content=\"en_GB\" \/>\n<meta property=\"og:type\" content=\"article\" \/>\n<meta property=\"og:title\" content=\"Mentions l\u00e9gales - EAMS Industrie\" \/>\n<meta property=\"og:description\" content=\"1. Pr\u00e9sentation du site : Conform\u00e9ment aux dispositions des articles 6-III et 19 de la Loi n\u00b0 2004-575 du 21 juin 2004 pour la Confiance dans l&rsquo;\u00e9conomie num\u00e9rique, dite L.C.E.N., nous portons \u00e0 la connaissance des utilisateurs et visiteurs du site : eams-industrie.com les informations suivantes : Informations l\u00e9gales : Statut du propri\u00e9taire : societePr\u00e9fixe [&hellip;]\" \/>\n<meta property=\"og:url\" content=\"https:\/\/www.eams-industrie.com\/en\/legal-information\/\" \/>\n<meta property=\"og:site_name\" content=\"EAMS Industrie\" \/>\n<meta property=\"article:modified_time\" content=\"2026-03-18T14:13:48+00:00\" \/>\n<meta property=\"og:image\" content=\"https:\/\/www.eams-industrie.com\/wp-content\/uploads\/2026\/03\/EAMS-Industrie-2.jpg\" \/>\n\t<meta property=\"og:image:width\" content=\"1440\" \/>\n\t<meta property=\"og:image:height\" content=\"635\" \/>\n\t<meta property=\"og:image:type\" content=\"image\/jpeg\" \/>\n<meta name=\"twitter:card\" content=\"summary_large_image\" \/>\n<meta name=\"twitter:label1\" content=\"Estimated reading time\" \/>\n\t<meta name=\"twitter:data1\" content=\"5 minutes\" \/>\n<script type=\"application\/ld+json\" class=\"yoast-schema-graph\">{\"@context\":\"https:\\\/\\\/schema.org\",\"@graph\":[{\"@type\":\"WebPage\",\"@id\":\"https:\\\/\\\/www.eams-industrie.com\\\/mentions-legales\\\/\",\"url\":\"https:\\\/\\\/www.eams-industrie.com\\\/mentions-legales\\\/\",\"name\":\"Mentions l\u00e9gales - EAMS Industrie\",\"isPartOf\":{\"@id\":\"https:\\\/\\\/www.eams-industrie.com\\\/#website\"},\"primaryImageOfPage\":{\"@id\":\"https:\\\/\\\/www.eams-industrie.com\\\/mentions-legales\\\/#primaryimage\"},\"image\":{\"@id\":\"https:\\\/\\\/www.eams-industrie.com\\\/mentions-legales\\\/#primaryimage\"},\"thumbnailUrl\":\"https:\\\/\\\/www.eams-industrie.com\\\/wp-content\\\/uploads\\\/2026\\\/03\\\/EAMS-Industrie-2.jpg\",\"datePublished\":\"2016-11-26T19:18:19+00:00\",\"dateModified\":\"2026-03-18T14:13:48+00:00\",\"breadcrumb\":{\"@id\":\"https:\\\/\\\/www.eams-industrie.com\\\/mentions-legales\\\/#breadcrumb\"},\"inLanguage\":\"en-GB\",\"potentialAction\":[{\"@type\":\"ReadAction\",\"target\":[\"https:\\\/\\\/www.eams-industrie.com\\\/mentions-legales\\\/\"]}]},{\"@type\":\"ImageObject\",\"inLanguage\":\"en-GB\",\"@id\":\"https:\\\/\\\/www.eams-industrie.com\\\/mentions-legales\\\/#primaryimage\",\"url\":\"https:\\\/\\\/www.eams-industrie.com\\\/wp-content\\\/uploads\\\/2026\\\/03\\\/EAMS-Industrie-2.jpg\",\"contentUrl\":\"https:\\\/\\\/www.eams-industrie.com\\\/wp-content\\\/uploads\\\/2026\\\/03\\\/EAMS-Industrie-2.jpg\",\"width\":1440,\"height\":635},{\"@type\":\"BreadcrumbList\",\"@id\":\"https:\\\/\\\/www.eams-industrie.com\\\/mentions-legales\\\/#breadcrumb\",\"itemListElement\":[{\"@type\":\"ListItem\",\"position\":1,\"name\":\"Accueil\",\"item\":\"https:\\\/\\\/www.eams-industrie.com\\\/\"},{\"@type\":\"ListItem\",\"position\":2,\"name\":\"Mentions l\u00e9gales\"}]},{\"@type\":\"WebSite\",\"@id\":\"https:\\\/\\\/www.eams-industrie.com\\\/#website\",\"url\":\"https:\\\/\\\/www.eams-industrie.com\\\/\",\"name\":\"EAMS Industrie\",\"description\":\"Conception et fabrication d\u2019\u00e9quipements pour l\u2019agroalimentaire et l\u2019industrie\",\"publisher\":{\"@id\":\"https:\\\/\\\/www.eams-industrie.com\\\/#organization\"},\"potentialAction\":[{\"@type\":\"SearchAction\",\"target\":{\"@type\":\"EntryPoint\",\"urlTemplate\":\"https:\\\/\\\/www.eams-industrie.com\\\/?s={search_term_string}\"},\"query-input\":{\"@type\":\"PropertyValueSpecification\",\"valueRequired\":true,\"valueName\":\"search_term_string\"}}],\"inLanguage\":\"en-GB\"},{\"@type\":\"Organization\",\"@id\":\"https:\\\/\\\/www.eams-industrie.com\\\/#organization\",\"name\":\"EAMS Industrie\",\"url\":\"https:\\\/\\\/www.eams-industrie.com\\\/\",\"logo\":{\"@type\":\"ImageObject\",\"inLanguage\":\"en-GB\",\"@id\":\"https:\\\/\\\/www.eams-industrie.com\\\/#\\\/schema\\\/logo\\\/image\\\/\",\"url\":\"https:\\\/\\\/www.eams-industrie.com\\\/wp-content\\\/uploads\\\/2023\\\/01\\\/Logo-EAMS.svg\",\"contentUrl\":\"https:\\\/\\\/www.eams-industrie.com\\\/wp-content\\\/uploads\\\/2023\\\/01\\\/Logo-EAMS.svg\",\"width\":149,\"height\":71,\"caption\":\"EAMS Industrie\"},\"image\":{\"@id\":\"https:\\\/\\\/www.eams-industrie.com\\\/#\\\/schema\\\/logo\\\/image\\\/\"}}]}<\/script>\n<!-- \/ Yoast SEO plugin. -->","yoast_head_json":{"title":"Legal information - EAMS Industrie","robots":{"index":"noindex","follow":"nofollow"},"og_locale":"en_GB","og_type":"article","og_title":"Mentions l\u00e9gales - EAMS Industrie","og_description":"1. Pr\u00e9sentation du site : Conform\u00e9ment aux dispositions des articles 6-III et 19 de la Loi n\u00b0 2004-575 du 21 juin 2004 pour la Confiance dans l&rsquo;\u00e9conomie num\u00e9rique, dite L.C.E.N., nous portons \u00e0 la connaissance des utilisateurs et visiteurs du site : eams-industrie.com les informations suivantes : Informations l\u00e9gales : Statut du propri\u00e9taire : societePr\u00e9fixe [&hellip;]","og_url":"https:\/\/www.eams-industrie.com\/en\/legal-information\/","og_site_name":"EAMS Industrie","article_modified_time":"2026-03-18T14:13:48+00:00","og_image":[{"width":1440,"height":635,"url":"https:\/\/www.eams-industrie.com\/wp-content\/uploads\/2026\/03\/EAMS-Industrie-2.jpg","type":"image\/jpeg"}],"twitter_card":"summary_large_image","twitter_misc":{"Estimated reading time":"5 minutes"},"schema":{"@context":"https:\/\/schema.org","@graph":[{"@type":"WebPage","@id":"https:\/\/www.eams-industrie.com\/mentions-legales\/","url":"https:\/\/www.eams-industrie.com\/mentions-legales\/","name":"Legal information - EAMS Industrie","isPartOf":{"@id":"https:\/\/www.eams-industrie.com\/#website"},"primaryImageOfPage":{"@id":"https:\/\/www.eams-industrie.com\/mentions-legales\/#primaryimage"},"image":{"@id":"https:\/\/www.eams-industrie.com\/mentions-legales\/#primaryimage"},"thumbnailUrl":"https:\/\/www.eams-industrie.com\/wp-content\/uploads\/2026\/03\/EAMS-Industrie-2.jpg","datePublished":"2016-11-26T19:18:19+00:00","dateModified":"2026-03-18T14:13:48+00:00","breadcrumb":{"@id":"https:\/\/www.eams-industrie.com\/mentions-legales\/#breadcrumb"},"inLanguage":"en-GB","potentialAction":[{"@type":"ReadAction","target":["https:\/\/www.eams-industrie.com\/mentions-legales\/"]}]},{"@type":"ImageObject","inLanguage":"en-GB","@id":"https:\/\/www.eams-industrie.com\/mentions-legales\/#primaryimage","url":"https:\/\/www.eams-industrie.com\/wp-content\/uploads\/2026\/03\/EAMS-Industrie-2.jpg","contentUrl":"https:\/\/www.eams-industrie.com\/wp-content\/uploads\/2026\/03\/EAMS-Industrie-2.jpg","width":1440,"height":635},{"@type":"BreadcrumbList","@id":"https:\/\/www.eams-industrie.com\/mentions-legales\/#breadcrumb","itemListElement":[{"@type":"ListItem","position":1,"name":"Accueil","item":"https:\/\/www.eams-industrie.com\/"},{"@type":"ListItem","position":2,"name":"Mentions l\u00e9gales"}]},{"@type":"WebSite","@id":"https:\/\/www.eams-industrie.com\/#website","url":"https:\/\/www.eams-industrie.com\/","name":"EAMS Industrie","description":"Design and manufacture of equipment for the agri-food and industrial sectors","publisher":{"@id":"https:\/\/www.eams-industrie.com\/#organization"},"potentialAction":[{"@type":"SearchAction","target":{"@type":"EntryPoint","urlTemplate":"https:\/\/www.eams-industrie.com\/?s={search_term_string}"},"query-input":{"@type":"PropertyValueSpecification","valueRequired":true,"valueName":"search_term_string"}}],"inLanguage":"en-GB"},{"@type":"Organization","@id":"https:\/\/www.eams-industrie.com\/#organization","name":"EAMS Industrie","url":"https:\/\/www.eams-industrie.com\/","logo":{"@type":"ImageObject","inLanguage":"en-GB","@id":"https:\/\/www.eams-industrie.com\/#\/schema\/logo\/image\/","url":"https:\/\/www.eams-industrie.com\/wp-content\/uploads\/2023\/01\/Logo-EAMS.svg","contentUrl":"https:\/\/www.eams-industrie.com\/wp-content\/uploads\/2023\/01\/Logo-EAMS.svg","width":149,"height":71,"caption":"EAMS Industrie"},"image":{"@id":"https:\/\/www.eams-industrie.com\/#\/schema\/logo\/image\/"}}]}},"_links":{"self":[{"href":"https:\/\/www.eams-industrie.com\/en\/wp-json\/wp\/v2\/pages\/75064","targetHints":{"allow":["GET"]}}],"collection":[{"href":"https:\/\/www.eams-industrie.com\/en\/wp-json\/wp\/v2\/pages"}],"about":[{"href":"https:\/\/www.eams-industrie.com\/en\/wp-json\/wp\/v2\/types\/page"}],"author":[{"embeddable":true,"href":"https:\/\/www.eams-industrie.com\/en\/wp-json\/wp\/v2\/users\/1"}],"replies":[{"embeddable":true,"href":"https:\/\/www.eams-industrie.com\/en\/wp-json\/wp\/v2\/comments?post=75064"}],"version-history":[{"count":5,"href":"https:\/\/www.eams-industrie.com\/en\/wp-json\/wp\/v2\/pages\/75064\/revisions"}],"predecessor-version":[{"id":80013,"href":"https:\/\/www.eams-industrie.com\/en\/wp-json\/wp\/v2\/pages\/75064\/revisions\/80013"}],"wp:featuredmedia":[{"embeddable":true,"href":"https:\/\/www.eams-industrie.com\/en\/wp-json\/wp\/v2\/media\/79418"}],"wp:attachment":[{"href":"https:\/\/www.eams-industrie.com\/en\/wp-json\/wp\/v2\/media?parent=75064"}],"curies":[{"name":"wp","href":"https:\/\/api.w.org\/{rel}","templated":true}]}}