{"id":73958,"date":"2015-05-28T14:54:07","date_gmt":"2015-05-28T07:54:07","guid":{"rendered":"http:\/\/vnh.local\/structure\/?page_id=73958"},"modified":"2026-03-13T13:23:42","modified_gmt":"2026-03-13T12:23:42","slug":"historico","status":"publish","type":"page","link":"https:\/\/www.eams-industrie.com\/es\/eams-industrie\/historique\/","title":{"rendered":"Historial"},"content":{"rendered":"<p>La empresa <strong>EAMS Industrie<\/strong> fue fundada en 1998 por los astilleros PIRIOU de Concarneau y su actual gerente, <strong>Gilbert Gourmelen<\/strong>, la direcci\u00f3n y parte del personal de fabricaci\u00f3n proced\u00edan del grupo franco-estadounidense Mather &amp; Platt, seguido de FMC, hoy JBT MAREL, ambos especialistas en la cosecha y el procesamiento de. <strong>EAMS Industrie<\/strong> comenz\u00f3 as\u00ed su colaboraci\u00f3n con su accionista mayoritario, construyendo material de calderer\u00eda destinado a los buques en construcci\u00f3n en Concarneau y relanzando al mismo tiempo la actividad de construcci\u00f3n para la agroindustria. Es gracias a la confianza inmediata de los industriales citados en este sitio que<strong> EAMS Industrie<\/strong> se ha convertido a lo largo de los a\u00f1os en un especialista en equipos de procesamiento de hortalizas, cuya extensi\u00f3n encontrar\u00e1 en las siguientes p\u00e1ginas.<\/p>","protected":false},"excerpt":{"rendered":"<p>La soci\u00e9t\u00e9 EAMS Industrie a \u00e9t\u00e9 fond\u00e9e en 1998 par les chantiers navals PIRIOU de Concarneau et son actuel g\u00e9rant, Gilbert Gourmelen, l\u2019\u00e9quipe de direction ainsi qu\u2019une partie du personnel de fabrication \u00e9tant issus du groupe Franco-Am\u00e9ricain Mather &amp; Platt suivi de FMC aujourd&rsquo;hui JBT MAREL, toutes 2 \u00e0 l&rsquo;\u00e9poque sp\u00e9cialistes de la r\u00e9colte et [&hellip;]<\/p>\n","protected":false},"author":1,"featured_media":78228,"parent":61,"menu_order":0,"comment_status":"closed","ping_status":"closed","template":"","meta":{"_acf_changed":false,"iawp_total_views":4,"footnotes":""},"class_list":["post-73958","page","type-page","status-publish","has-post-thumbnail","hentry"],"acf":[],"yoast_head":"<!-- This site is optimized with the Yoast SEO plugin v27.4 - https:\/\/yoast.com\/product\/yoast-seo-wordpress\/ -->\n<title>Historique - EAMS Industrie<\/title>\n<meta name=\"robots\" content=\"index, follow, max-snippet:-1, max-image-preview:large, max-video-preview:-1\" \/>\n<link rel=\"canonical\" href=\"https:\/\/www.eams-industrie.com\/es\/eams-industrie\/historico\/\" \/>\n<meta property=\"og:locale\" content=\"es_ES\" \/>\n<meta property=\"og:type\" content=\"article\" \/>\n<meta property=\"og:title\" content=\"Historique - EAMS Industrie\" \/>\n<meta property=\"og:description\" content=\"La soci\u00e9t\u00e9 EAMS Industrie a \u00e9t\u00e9 fond\u00e9e en 1998 par les chantiers navals PIRIOU de Concarneau et son actuel g\u00e9rant, Gilbert Gourmelen, l\u2019\u00e9quipe de direction ainsi qu\u2019une partie du personnel de fabrication \u00e9tant issus du groupe Franco-Am\u00e9ricain Mather &amp; Platt suivi de FMC aujourd&rsquo;hui JBT MAREL, toutes 2 \u00e0 l&rsquo;\u00e9poque sp\u00e9cialistes de la r\u00e9colte et [&hellip;]\" \/>\n<meta property=\"og:url\" content=\"https:\/\/www.eams-industrie.com\/es\/eams-industrie\/historico\/\" \/>\n<meta property=\"og:site_name\" content=\"EAMS Industrie\" \/>\n<meta property=\"article:modified_time\" content=\"2026-03-13T12:23:42+00:00\" \/>\n<meta property=\"og:image\" content=\"https:\/\/www.eams-industrie.com\/wp-content\/uploads\/2026\/01\/matther-1968-scaled.jpg\" \/>\n\t<meta property=\"og:image:width\" content=\"2560\" \/>\n\t<meta property=\"og:image:height\" content=\"2003\" \/>\n\t<meta property=\"og:image:type\" content=\"image\/jpeg\" \/>\n<meta name=\"twitter:card\" content=\"summary_large_image\" \/>\n<meta name=\"twitter:label1\" content=\"Tiempo de lectura\" \/>\n\t<meta name=\"twitter:data1\" content=\"2 minutos\" \/>\n<script type=\"application\/ld+json\" class=\"yoast-schema-graph\">{\"@context\":\"https:\\\/\\\/schema.org\",\"@graph\":[{\"@type\":\"WebPage\",\"@id\":\"https:\\\/\\\/www.eams-industrie.com\\\/eams-industrie\\\/historique\\\/\",\"url\":\"https:\\\/\\\/www.eams-industrie.com\\\/eams-industrie\\\/historique\\\/\",\"name\":\"Historique - EAMS Industrie\",\"isPartOf\":{\"@id\":\"https:\\\/\\\/www.eams-industrie.com\\\/#website\"},\"primaryImageOfPage\":{\"@id\":\"https:\\\/\\\/www.eams-industrie.com\\\/eams-industrie\\\/historique\\\/#primaryimage\"},\"image\":{\"@id\":\"https:\\\/\\\/www.eams-industrie.com\\\/eams-industrie\\\/historique\\\/#primaryimage\"},\"thumbnailUrl\":\"https:\\\/\\\/www.eams-industrie.com\\\/wp-content\\\/uploads\\\/2026\\\/01\\\/matther-1968-scaled.jpg\",\"datePublished\":\"2015-05-28T07:54:07+00:00\",\"dateModified\":\"2026-03-13T12:23:42+00:00\",\"breadcrumb\":{\"@id\":\"https:\\\/\\\/www.eams-industrie.com\\\/eams-industrie\\\/historique\\\/#breadcrumb\"},\"inLanguage\":\"es\",\"potentialAction\":[{\"@type\":\"ReadAction\",\"target\":[\"https:\\\/\\\/www.eams-industrie.com\\\/eams-industrie\\\/historique\\\/\"]}]},{\"@type\":\"ImageObject\",\"inLanguage\":\"es\",\"@id\":\"https:\\\/\\\/www.eams-industrie.com\\\/eams-industrie\\\/historique\\\/#primaryimage\",\"url\":\"https:\\\/\\\/www.eams-industrie.com\\\/wp-content\\\/uploads\\\/2026\\\/01\\\/matther-1968-scaled.jpg\",\"contentUrl\":\"https:\\\/\\\/www.eams-industrie.com\\\/wp-content\\\/uploads\\\/2026\\\/01\\\/matther-1968-scaled.jpg\",\"width\":2560,\"height\":2003},{\"@type\":\"BreadcrumbList\",\"@id\":\"https:\\\/\\\/www.eams-industrie.com\\\/eams-industrie\\\/historique\\\/#breadcrumb\",\"itemListElement\":[{\"@type\":\"ListItem\",\"position\":1,\"name\":\"Accueil\",\"item\":\"https:\\\/\\\/www.eams-industrie.com\\\/\"},{\"@type\":\"ListItem\",\"position\":2,\"name\":\"EAMS Industrie\",\"item\":\"https:\\\/\\\/www.eams-industrie.com\\\/eams-industrie\\\/\"},{\"@type\":\"ListItem\",\"position\":3,\"name\":\"Historique\"}]},{\"@type\":\"WebSite\",\"@id\":\"https:\\\/\\\/www.eams-industrie.com\\\/#website\",\"url\":\"https:\\\/\\\/www.eams-industrie.com\\\/\",\"name\":\"EAMS Industrie\",\"description\":\"Conception et fabrication d\u2019\u00e9quipements pour l\u2019agroalimentaire et l\u2019industrie\",\"publisher\":{\"@id\":\"https:\\\/\\\/www.eams-industrie.com\\\/#organization\"},\"potentialAction\":[{\"@type\":\"SearchAction\",\"target\":{\"@type\":\"EntryPoint\",\"urlTemplate\":\"https:\\\/\\\/www.eams-industrie.com\\\/?s={search_term_string}\"},\"query-input\":{\"@type\":\"PropertyValueSpecification\",\"valueRequired\":true,\"valueName\":\"search_term_string\"}}],\"inLanguage\":\"es\"},{\"@type\":\"Organization\",\"@id\":\"https:\\\/\\\/www.eams-industrie.com\\\/#organization\",\"name\":\"EAMS Industrie\",\"url\":\"https:\\\/\\\/www.eams-industrie.com\\\/\",\"logo\":{\"@type\":\"ImageObject\",\"inLanguage\":\"es\",\"@id\":\"https:\\\/\\\/www.eams-industrie.com\\\/#\\\/schema\\\/logo\\\/image\\\/\",\"url\":\"https:\\\/\\\/www.eams-industrie.com\\\/wp-content\\\/uploads\\\/2023\\\/01\\\/Logo-EAMS.svg\",\"contentUrl\":\"https:\\\/\\\/www.eams-industrie.com\\\/wp-content\\\/uploads\\\/2023\\\/01\\\/Logo-EAMS.svg\",\"width\":149,\"height\":71,\"caption\":\"EAMS Industrie\"},\"image\":{\"@id\":\"https:\\\/\\\/www.eams-industrie.com\\\/#\\\/schema\\\/logo\\\/image\\\/\"}}]}<\/script>\n<!-- \/ Yoast SEO plugin. -->","yoast_head_json":{"title":"Historial - EAMS Industrie","robots":{"index":"index","follow":"follow","max-snippet":"max-snippet:-1","max-image-preview":"max-image-preview:large","max-video-preview":"max-video-preview:-1"},"canonical":"https:\/\/www.eams-industrie.com\/es\/eams-industrie\/historico\/","og_locale":"es_ES","og_type":"article","og_title":"Historique - EAMS Industrie","og_description":"La soci\u00e9t\u00e9 EAMS Industrie a \u00e9t\u00e9 fond\u00e9e en 1998 par les chantiers navals PIRIOU de Concarneau et son actuel g\u00e9rant, Gilbert Gourmelen, l\u2019\u00e9quipe de direction ainsi qu\u2019une partie du personnel de fabrication \u00e9tant issus du groupe Franco-Am\u00e9ricain Mather &amp; Platt suivi de FMC aujourd&rsquo;hui JBT MAREL, toutes 2 \u00e0 l&rsquo;\u00e9poque sp\u00e9cialistes de la r\u00e9colte et [&hellip;]","og_url":"https:\/\/www.eams-industrie.com\/es\/eams-industrie\/historico\/","og_site_name":"EAMS Industrie","article_modified_time":"2026-03-13T12:23:42+00:00","og_image":[{"width":2560,"height":2003,"url":"https:\/\/www.eams-industrie.com\/wp-content\/uploads\/2026\/01\/matther-1968-scaled.jpg","type":"image\/jpeg"}],"twitter_card":"summary_large_image","twitter_misc":{"Tiempo de lectura":"2 minutos"},"schema":{"@context":"https:\/\/schema.org","@graph":[{"@type":"WebPage","@id":"https:\/\/www.eams-industrie.com\/eams-industrie\/historique\/","url":"https:\/\/www.eams-industrie.com\/eams-industrie\/historique\/","name":"Historial - EAMS Industrie","isPartOf":{"@id":"https:\/\/www.eams-industrie.com\/#website"},"primaryImageOfPage":{"@id":"https:\/\/www.eams-industrie.com\/eams-industrie\/historique\/#primaryimage"},"image":{"@id":"https:\/\/www.eams-industrie.com\/eams-industrie\/historique\/#primaryimage"},"thumbnailUrl":"https:\/\/www.eams-industrie.com\/wp-content\/uploads\/2026\/01\/matther-1968-scaled.jpg","datePublished":"2015-05-28T07:54:07+00:00","dateModified":"2026-03-13T12:23:42+00:00","breadcrumb":{"@id":"https:\/\/www.eams-industrie.com\/eams-industrie\/historique\/#breadcrumb"},"inLanguage":"es","potentialAction":[{"@type":"ReadAction","target":["https:\/\/www.eams-industrie.com\/eams-industrie\/historique\/"]}]},{"@type":"ImageObject","inLanguage":"es","@id":"https:\/\/www.eams-industrie.com\/eams-industrie\/historique\/#primaryimage","url":"https:\/\/www.eams-industrie.com\/wp-content\/uploads\/2026\/01\/matther-1968-scaled.jpg","contentUrl":"https:\/\/www.eams-industrie.com\/wp-content\/uploads\/2026\/01\/matther-1968-scaled.jpg","width":2560,"height":2003},{"@type":"BreadcrumbList","@id":"https:\/\/www.eams-industrie.com\/eams-industrie\/historique\/#breadcrumb","itemListElement":[{"@type":"ListItem","position":1,"name":"Accueil","item":"https:\/\/www.eams-industrie.com\/"},{"@type":"ListItem","position":2,"name":"EAMS Industrie","item":"https:\/\/www.eams-industrie.com\/eams-industrie\/"},{"@type":"ListItem","position":3,"name":"Historique"}]},{"@type":"WebSite","@id":"https:\/\/www.eams-industrie.com\/#website","url":"https:\/\/www.eams-industrie.com\/","name":"EAMS Industrie","description":"Dise\u00f1o y fabricaci\u00f3n de equipos para los sectores agroalimentario e industrial","publisher":{"@id":"https:\/\/www.eams-industrie.com\/#organization"},"potentialAction":[{"@type":"SearchAction","target":{"@type":"EntryPoint","urlTemplate":"https:\/\/www.eams-industrie.com\/?s={search_term_string}"},"query-input":{"@type":"PropertyValueSpecification","valueRequired":true,"valueName":"search_term_string"}}],"inLanguage":"es"},{"@type":"Organization","@id":"https:\/\/www.eams-industrie.com\/#organization","name":"EAMS Industrie","url":"https:\/\/www.eams-industrie.com\/","logo":{"@type":"ImageObject","inLanguage":"es","@id":"https:\/\/www.eams-industrie.com\/#\/schema\/logo\/image\/","url":"https:\/\/www.eams-industrie.com\/wp-content\/uploads\/2023\/01\/Logo-EAMS.svg","contentUrl":"https:\/\/www.eams-industrie.com\/wp-content\/uploads\/2023\/01\/Logo-EAMS.svg","width":149,"height":71,"caption":"EAMS Industrie"},"image":{"@id":"https:\/\/www.eams-industrie.com\/#\/schema\/logo\/image\/"}}]}},"_links":{"self":[{"href":"https:\/\/www.eams-industrie.com\/es\/wp-json\/wp\/v2\/pages\/73958","targetHints":{"allow":["GET"]}}],"collection":[{"href":"https:\/\/www.eams-industrie.com\/es\/wp-json\/wp\/v2\/pages"}],"about":[{"href":"https:\/\/www.eams-industrie.com\/es\/wp-json\/wp\/v2\/types\/page"}],"author":[{"embeddable":true,"href":"https:\/\/www.eams-industrie.com\/es\/wp-json\/wp\/v2\/users\/1"}],"replies":[{"embeddable":true,"href":"https:\/\/www.eams-industrie.com\/es\/wp-json\/wp\/v2\/comments?post=73958"}],"version-history":[{"count":4,"href":"https:\/\/www.eams-industrie.com\/es\/wp-json\/wp\/v2\/pages\/73958\/revisions"}],"predecessor-version":[{"id":79736,"href":"https:\/\/www.eams-industrie.com\/es\/wp-json\/wp\/v2\/pages\/73958\/revisions\/79736"}],"up":[{"embeddable":true,"href":"https:\/\/www.eams-industrie.com\/es\/wp-json\/wp\/v2\/pages\/61"}],"wp:featuredmedia":[{"embeddable":true,"href":"https:\/\/www.eams-industrie.com\/es\/wp-json\/wp\/v2\/media\/78228"}],"wp:attachment":[{"href":"https:\/\/www.eams-industrie.com\/es\/wp-json\/wp\/v2\/media?parent=73958"}],"curies":[{"name":"wp","href":"https:\/\/api.w.org\/{rel}","templated":true}]}}