{"id":75064,"date":"2016-11-26T20:18:19","date_gmt":"2016-11-26T19:18:19","guid":{"rendered":"http:\/\/eams.redmuffin.xyz\/?page_id=75064"},"modified":"2026-03-18T15:13:48","modified_gmt":"2026-03-18T14:13:48","slug":"informacion-legal","status":"publish","type":"page","link":"https:\/\/www.eams-industrie.com\/es\/mentions-legales\/","title":{"rendered":"Informaci\u00f3n jur\u00eddica"},"content":{"rendered":"<div data-elementor-type=\"wp-page\" data-elementor-id=\"75064\" class=\"elementor elementor-75064\" data-elementor-post-type=\"page\">\n\t\t\t\t<div class=\"elementor-element elementor-element-e559c7b e-con-full elementor-container-cat-bg e-flex e-con e-parent\" data-id=\"e559c7b\" data-element_type=\"container\" data-e-type=\"container\" data-settings=\"{&quot;background_background&quot;:&quot;classic&quot;}\" data-bg=\"\">\n\t\t<div class=\"elementor-element elementor-element-878a36a e-flex e-con-boxed e-con e-child\" data-id=\"878a36a\" data-element_type=\"container\" data-e-type=\"container\">\n\t\t\t\t\t<div class=\"e-con-inner\">\n\t\t\t\t\t<\/div>\n\t\t\t\t<\/div>\n\t\t\t\t<\/div>\n\t\t<div class=\"elementor-element elementor-element-3eb8e80 e-flex e-con-boxed e-con e-parent\" data-id=\"3eb8e80\" data-element_type=\"container\" data-e-type=\"container\">\n\t\t\t\t\t<div class=\"e-con-inner\">\n\t\t\t\t<div class=\"elementor-element elementor-element-1d7e9db elementor-widget elementor-widget-text-editor\" data-id=\"1d7e9db\" data-element_type=\"widget\" data-e-type=\"widget\" data-widget_type=\"text-editor.default\">\n\t\t\t\t\t\t\t\t\t<h3><strong>1. Presentaci\u00f3n del sitio :<\/strong><\/h3><p>De conformidad con lo dispuesto en los art\u00edculos 6-III y 19 de la Ley n\u00ba 2004-575 de 21 de junio de 2004 sobre la confianza en la econom\u00eda digital, conocida como L.C.E.N., llamamos la atenci\u00f3n de los usuarios y visitantes del sitio web : <a href=\"https:\/\/www.eams-industrie.com\/es\/\" target=\"_blank\" rel=\"noopener\">eams-industrie.com<\/a> la siguiente informaci\u00f3n:<\/p><p style=\"text-align: justify;\"><strong>Informaci\u00f3n jur\u00eddica : <\/strong><\/p><p style=\"text-align: justify;\">Estado del propietario : <strong>empresa<\/strong><br \/>Prefijo : <strong>SARL<\/strong><br \/>Nombre de la empresa :<strong> EAMS Industrie<\/strong><br \/>Direcci\u00f3n: <strong>127 Vieille route de Rosporden 29000 Quimper<\/strong><br \/>Tel: <strong>+33 2 98 90 80 80<\/strong><br \/>Capital de :<strong> 80 000,00 \u20ac<\/strong><br \/>SIRET :\u00a0 <strong>41773929900010<br \/><\/strong>R.C.S. :<strong> 24-02-1998<\/strong><br \/>Direcci\u00f3n de correo electr\u00f3nico : <a href=\"mailto:contact@eams-industrie.com\"><strong>contact@eams-industrie.com<\/strong><\/a><\/p><p>El responsable de la publicaci\u00f3n es : <strong>Gilbert Gourmelen<\/strong><br \/>P\u00f3ngase en contacto con el responsable de la publicaci\u00f3n: <b>contact@eams-industrie.com<\/b><\/p><p>El Webmaster es : <strong>Maxime Gourmelen<br \/><\/strong>Sitio web\u00a0<a href=\"http:\/\/maxgourmelen.com\">maxgourmelen.com<\/a><br \/>Contactar con el webmaster : <strong><a href=\"mailto:contact@maxgourmelen.com?subject=Contact \u00ef\u00bf\u00bd partir des mentions l\u00ef\u00bf\u00bdgales via le site eams-industrie.com\">contact@maxgourmelen.com<\/a><\/strong><br \/>El host del sitio web es : <strong>O2Switch, Francia<\/strong><\/p><h3><strong>2. Descripci\u00f3n de los servicios prestados :<\/strong><\/h3><p>El sitio web <a href=\"https:\/\/www.eams-industrie.com\/es\/\" target=\"_blank\" rel=\"noopener\">eams-industrie.com<\/a> es proporcionar informaci\u00f3n sobre todas las actividades de la empresa.<br \/>El propietario del sitio se esfuerza por ofrecer en el sitio <a href=\"https:\/\/www.eams-industrie.com\/es\/\" target=\"_blank\" rel=\"noopener\">eams-industrie.com<\/a> informaci\u00f3n lo m\u00e1s exacta posible. Sin embargo, no se hace responsable de las omisiones, inexactitudes o falta de actualizaci\u00f3n de la informaci\u00f3n, ya sea por su culpa o por la de terceros asociados que facilitan la informaci\u00f3n.<br \/>Toda la informaci\u00f3n del sitio <a href=\"https:\/\/www.eams-industrie.com\/es\/\" target=\"_blank\" rel=\"noopener\">eams-industrie.com<\/a> se facilitan a t\u00edtulo informativo, no son exhaustivos y pueden sufrir modificaciones. Est\u00e1n sujetas a los cambios que puedan haberse producido desde su puesta en l\u00ednea.<\/p><h3 style=\"text-align: justify;\"><strong>3. Propiedad intelectual y falsificaci\u00f3n :<\/strong><\/h3><p style=\"text-align: justify;\">El propietario del sitio es titular de los derechos de propiedad intelectual o tiene los derechos de uso sobre todos los elementos accesibles en el sitio, en particular los textos, im\u00e1genes, gr\u00e1ficos, logotipos, iconos, sonidos, software...<br \/>Cualquier reproducci\u00f3n, representaci\u00f3n, modificaci\u00f3n, publicaci\u00f3n, adaptaci\u00f3n total o parcial de los elementos del sitio, cualquiera que sea el medio o el procedimiento utilizado, est\u00e1 prohibido, salvo autorizaci\u00f3n previa por escrito al correo electr\u00f3nico : <a href=\"mailto:contact@maxgourmelen.com?subject=Contact \u00ef\u00bf\u00bd partir des mentions l\u00ef\u00bf\u00bdgales via le site eams-industrie.com\"><strong>contact@maxgourmelen.com<\/strong><\/a>\u00a0.<br \/>Cualquier uso no autorizado del sitio o de cualquiera de los elementos que contiene se considerar\u00e1 constitutivo de infracci\u00f3n y ser\u00e1 perseguido de conformidad con lo dispuesto en los art\u00edculos L.335-2 y siguientes del C\u00f3digo de la Propiedad Intelectual franc\u00e9s.<\/p><h3 style=\"text-align: justify;\"><strong>4. Enlaces de hipertexto y cookies :<\/strong><\/h3><p>El sitio web <a href=\"https:\/\/www.eams-industrie.com\/es\/\" target=\"_blank\" rel=\"noopener\">eams-industrie.com<\/a> contiene una serie de enlaces de hipertexto hacia otros sitios (socios, informaci\u00f3n, etc.) creados con la autorizaci\u00f3n del propietario del sitio. Sin embargo, el propietario del sitio no tiene la posibilidad de comprobar el contenido de los sitios visitados de este modo y, por tanto, declina toda responsabilidad por los riesgos de contenido il\u00edcito.<\/p><p>Se informa a los usuarios de que cuando visiten el sitio <a href=\"https:\/\/www.eams-industrie.com\/es\/\" target=\"_blank\" rel=\"noopener\">eams-industrie.com<\/a>, En este caso, pueden instalarse autom\u00e1ticamente una o varias cookies en el ordenador del usuario. Una cookie es un peque\u00f1o archivo que no permite identificar al usuario, pero que registra informaci\u00f3n relativa a la navegaci\u00f3n de un ordenador en un sitio. Los datos obtenidos de este modo est\u00e1n destinados a facilitar la navegaci\u00f3n posterior por el sitio y tambi\u00e9n se utilizan para medir el n\u00famero de visitantes.<\/p><p>Puede configurar su navegador para que le notifique la presencia de cookies y, en caso necesario, rechazarlas, tal como se describe en la siguiente direcci\u00f3n: www.cnil.fr.<br \/>Rechazar la instalaci\u00f3n de una cookie puede imposibilitar el acceso a determinados servicios. No obstante, el usuario puede configurar su ordenador de la siguiente manera para rechazar la instalaci\u00f3n de cookies:<br \/>En Internet Explorer: pesta\u00f1a Herramientas \/ Opciones de Internet. Haga clic en Confidencialidad y elija Bloquear todas las cookies. Confirme con Ok.<br \/>En Netscape: Editar \/ pesta\u00f1a Preferencias. Haga clic en Avanzado y elija Desactivar cookies. Confirme con Ok.<\/p><h3 style=\"text-align: justify;\"><strong>5. Protecci\u00f3n de personas y bienes - gesti\u00f3n de datos personales :<\/strong><\/h3><p>Usuario: internauta que se conecta y utiliza el sitio mencionado: <a href=\"https:\/\/www.eams-industrie.com\/es\/\" target=\"_blank\" rel=\"noopener\">eams-industrie.com<\/a><br \/>En Francia, los datos personales est\u00e1n protegidos por la ley n\u00ba 78-87 de 6 de enero de 1978, la ley n\u00ba 2004-801 de 6 de agosto de 2004, el art\u00edculo L. 226-13 del C\u00f3digo Penal y la Directiva Europea de 24 de octubre de 1995.<\/p><p style=\"text-align: justify;\">En el sitio web <a href=\"https:\/\/www.eams-industrie.com\/es\/\" target=\"_blank\" rel=\"noopener\">eams-industrie.com<\/a>, El propietario del sitio s\u00f3lo recoge informaci\u00f3n personal relativa al usuario a efectos de determinados servicios ofrecidos por el sitio. <a href=\"https:\/\/www.eams-industrie.com\/es\/\" target=\"_blank\" rel=\"noopener\">eams-industrie.com<\/a>. Los usuarios facilitan esta informaci\u00f3n con pleno conocimiento de causa, sobre todo cuando la introducen ellos mismos. El usuario del <a href=\"https:\/\/www.eams-industrie.com\/es\/\" target=\"_blank\" rel=\"noopener\">eams-industrie.com<\/a> la obligaci\u00f3n de facilitar esta informaci\u00f3n.<br \/>De conformidad con lo dispuesto en los art\u00edculos 38 y siguientes de la Ley francesa 78-17 de 6 de enero de 1978 relativa a la protecci\u00f3n de datos, todo usuario dispone de un derecho de acceso, rectificaci\u00f3n, supresi\u00f3n y oposici\u00f3n a los datos personales que le conciernan. Para ejercer este derecho, env\u00ede su solicitud a <a href=\"https:\/\/www.eams-industrie.com\/es\/\" target=\"_blank\" rel=\"noopener\">eams-industrie.com<\/a> por correo electr\u00f3nico: correo electr\u00f3nico del webmaster o enviando una solicitud escrita y firmada, acompa\u00f1ada de una copia del documento de identidad con la firma del titular del documento, en la que se especifique la direcci\u00f3n a la que debe enviarse la respuesta.<\/p><p style=\"text-align: justify;\">No hay informaci\u00f3n personal sobre el usuario del <a href=\"https:\/\/www.eams-industrie.com\/es\/\" target=\"_blank\" rel=\"noopener\">eams-industrie.com<\/a> se publique sin conocimiento del usuario, intercambie, transfiera, ceda o venda por cualquier medio a terceros. S\u00f3lo la asunci\u00f3n de la compra del sitio. <a href=\"https:\/\/www.eams-industrie.com\/es\/\" target=\"_blank\" rel=\"noopener\">eams-industrie.com<\/a> al propietario del sitio y sus derechos permitir\u00eda la transmisi\u00f3n de dicha informaci\u00f3n al posible comprador que, a su vez, estar\u00eda sujeto a la misma obligaci\u00f3n de conservaci\u00f3n y modificaci\u00f3n de los datos con respecto al usuario del sitio. <a href=\"https:\/\/www.eams-industrie.com\/es\/\" target=\"_blank\" rel=\"noopener\">eams-industrie.com<\/a>.<\/p><p style=\"text-align: justify;\">El sitio web eams-industrie.com cumple con el RGPD ver nuestra pol\u00edtica de RGPD\u00a0 <a href=\"https:\/\/www.eams-industrie.com\/es\/rgpd-2\/\">eams-industrie.com\/rgpd.<\/a><\/p><p style=\"text-align: justify;\">Las bases de datos est\u00e1n protegidas por las disposiciones de la Ley de 1 de julio de 1998 que transpone la Directiva 96\/9 de 11 de marzo de 1996 sobre la protecci\u00f3n jur\u00eddica de las bases de datos.<\/p>\t\t\t\t\t\t\t\t<\/div>\n\t\t\t\t\t<\/div>\n\t\t\t\t<\/div>\n\t\t\t\t<\/div>","protected":false},"excerpt":{"rendered":"<p>1. Pr\u00e9sentation du site : Conform\u00e9ment aux dispositions des articles 6-III et 19 de la Loi n\u00b0 2004-575 du 21 juin 2004 pour la Confiance dans l&rsquo;\u00e9conomie num\u00e9rique, dite L.C.E.N., nous portons \u00e0 la connaissance des utilisateurs et visiteurs du site : eams-industrie.com les informations suivantes : Informations l\u00e9gales : Statut du propri\u00e9taire : societePr\u00e9fixe [&hellip;]<\/p>\n","protected":false},"author":1,"featured_media":79418,"parent":0,"menu_order":0,"comment_status":"closed","ping_status":"closed","template":"elementor_header_footer","meta":{"_acf_changed":false,"iawp_total_views":13,"footnotes":""},"class_list":["post-75064","page","type-page","status-publish","has-post-thumbnail","hentry"],"acf":[],"yoast_head":"<!-- This site is optimized with the Yoast SEO plugin v27.4 - https:\/\/yoast.com\/product\/yoast-seo-wordpress\/ -->\n<title>Mentions l\u00e9gales - EAMS Industrie<\/title>\n<meta name=\"robots\" content=\"noindex, nofollow\" \/>\n<meta property=\"og:locale\" content=\"es_ES\" \/>\n<meta property=\"og:type\" content=\"article\" \/>\n<meta property=\"og:title\" content=\"Mentions l\u00e9gales - EAMS Industrie\" \/>\n<meta property=\"og:description\" content=\"1. Pr\u00e9sentation du site : Conform\u00e9ment aux dispositions des articles 6-III et 19 de la Loi n\u00b0 2004-575 du 21 juin 2004 pour la Confiance dans l&rsquo;\u00e9conomie num\u00e9rique, dite L.C.E.N., nous portons \u00e0 la connaissance des utilisateurs et visiteurs du site : eams-industrie.com les informations suivantes : Informations l\u00e9gales : Statut du propri\u00e9taire : societePr\u00e9fixe [&hellip;]\" \/>\n<meta property=\"og:url\" content=\"https:\/\/www.eams-industrie.com\/es\/informacion-legal\/\" \/>\n<meta property=\"og:site_name\" content=\"EAMS Industrie\" \/>\n<meta property=\"article:modified_time\" content=\"2026-03-18T14:13:48+00:00\" \/>\n<meta property=\"og:image\" content=\"https:\/\/www.eams-industrie.com\/wp-content\/uploads\/2026\/03\/EAMS-Industrie-2.jpg\" \/>\n\t<meta property=\"og:image:width\" content=\"1440\" \/>\n\t<meta property=\"og:image:height\" content=\"635\" \/>\n\t<meta property=\"og:image:type\" content=\"image\/jpeg\" \/>\n<meta name=\"twitter:card\" content=\"summary_large_image\" \/>\n<meta name=\"twitter:label1\" content=\"Tiempo de lectura\" \/>\n\t<meta name=\"twitter:data1\" content=\"5 minutos\" \/>\n<script type=\"application\/ld+json\" class=\"yoast-schema-graph\">{\"@context\":\"https:\\\/\\\/schema.org\",\"@graph\":[{\"@type\":\"WebPage\",\"@id\":\"https:\\\/\\\/www.eams-industrie.com\\\/mentions-legales\\\/\",\"url\":\"https:\\\/\\\/www.eams-industrie.com\\\/mentions-legales\\\/\",\"name\":\"Mentions l\u00e9gales - EAMS Industrie\",\"isPartOf\":{\"@id\":\"https:\\\/\\\/www.eams-industrie.com\\\/#website\"},\"primaryImageOfPage\":{\"@id\":\"https:\\\/\\\/www.eams-industrie.com\\\/mentions-legales\\\/#primaryimage\"},\"image\":{\"@id\":\"https:\\\/\\\/www.eams-industrie.com\\\/mentions-legales\\\/#primaryimage\"},\"thumbnailUrl\":\"https:\\\/\\\/www.eams-industrie.com\\\/wp-content\\\/uploads\\\/2026\\\/03\\\/EAMS-Industrie-2.jpg\",\"datePublished\":\"2016-11-26T19:18:19+00:00\",\"dateModified\":\"2026-03-18T14:13:48+00:00\",\"breadcrumb\":{\"@id\":\"https:\\\/\\\/www.eams-industrie.com\\\/mentions-legales\\\/#breadcrumb\"},\"inLanguage\":\"es\",\"potentialAction\":[{\"@type\":\"ReadAction\",\"target\":[\"https:\\\/\\\/www.eams-industrie.com\\\/mentions-legales\\\/\"]}]},{\"@type\":\"ImageObject\",\"inLanguage\":\"es\",\"@id\":\"https:\\\/\\\/www.eams-industrie.com\\\/mentions-legales\\\/#primaryimage\",\"url\":\"https:\\\/\\\/www.eams-industrie.com\\\/wp-content\\\/uploads\\\/2026\\\/03\\\/EAMS-Industrie-2.jpg\",\"contentUrl\":\"https:\\\/\\\/www.eams-industrie.com\\\/wp-content\\\/uploads\\\/2026\\\/03\\\/EAMS-Industrie-2.jpg\",\"width\":1440,\"height\":635},{\"@type\":\"BreadcrumbList\",\"@id\":\"https:\\\/\\\/www.eams-industrie.com\\\/mentions-legales\\\/#breadcrumb\",\"itemListElement\":[{\"@type\":\"ListItem\",\"position\":1,\"name\":\"Accueil\",\"item\":\"https:\\\/\\\/www.eams-industrie.com\\\/\"},{\"@type\":\"ListItem\",\"position\":2,\"name\":\"Mentions l\u00e9gales\"}]},{\"@type\":\"WebSite\",\"@id\":\"https:\\\/\\\/www.eams-industrie.com\\\/#website\",\"url\":\"https:\\\/\\\/www.eams-industrie.com\\\/\",\"name\":\"EAMS Industrie\",\"description\":\"Conception et fabrication d\u2019\u00e9quipements pour l\u2019agroalimentaire et l\u2019industrie\",\"publisher\":{\"@id\":\"https:\\\/\\\/www.eams-industrie.com\\\/#organization\"},\"potentialAction\":[{\"@type\":\"SearchAction\",\"target\":{\"@type\":\"EntryPoint\",\"urlTemplate\":\"https:\\\/\\\/www.eams-industrie.com\\\/?s={search_term_string}\"},\"query-input\":{\"@type\":\"PropertyValueSpecification\",\"valueRequired\":true,\"valueName\":\"search_term_string\"}}],\"inLanguage\":\"es\"},{\"@type\":\"Organization\",\"@id\":\"https:\\\/\\\/www.eams-industrie.com\\\/#organization\",\"name\":\"EAMS Industrie\",\"url\":\"https:\\\/\\\/www.eams-industrie.com\\\/\",\"logo\":{\"@type\":\"ImageObject\",\"inLanguage\":\"es\",\"@id\":\"https:\\\/\\\/www.eams-industrie.com\\\/#\\\/schema\\\/logo\\\/image\\\/\",\"url\":\"https:\\\/\\\/www.eams-industrie.com\\\/wp-content\\\/uploads\\\/2023\\\/01\\\/Logo-EAMS.svg\",\"contentUrl\":\"https:\\\/\\\/www.eams-industrie.com\\\/wp-content\\\/uploads\\\/2023\\\/01\\\/Logo-EAMS.svg\",\"width\":149,\"height\":71,\"caption\":\"EAMS Industrie\"},\"image\":{\"@id\":\"https:\\\/\\\/www.eams-industrie.com\\\/#\\\/schema\\\/logo\\\/image\\\/\"}}]}<\/script>\n<!-- \/ Yoast SEO plugin. -->","yoast_head_json":{"title":"Informaci\u00f3n legal - EAMS Industrie","robots":{"index":"noindex","follow":"nofollow"},"og_locale":"es_ES","og_type":"article","og_title":"Mentions l\u00e9gales - EAMS Industrie","og_description":"1. Pr\u00e9sentation du site : Conform\u00e9ment aux dispositions des articles 6-III et 19 de la Loi n\u00b0 2004-575 du 21 juin 2004 pour la Confiance dans l&rsquo;\u00e9conomie num\u00e9rique, dite L.C.E.N., nous portons \u00e0 la connaissance des utilisateurs et visiteurs du site : eams-industrie.com les informations suivantes : Informations l\u00e9gales : Statut du propri\u00e9taire : societePr\u00e9fixe [&hellip;]","og_url":"https:\/\/www.eams-industrie.com\/es\/informacion-legal\/","og_site_name":"EAMS Industrie","article_modified_time":"2026-03-18T14:13:48+00:00","og_image":[{"width":1440,"height":635,"url":"https:\/\/www.eams-industrie.com\/wp-content\/uploads\/2026\/03\/EAMS-Industrie-2.jpg","type":"image\/jpeg"}],"twitter_card":"summary_large_image","twitter_misc":{"Tiempo de lectura":"5 minutos"},"schema":{"@context":"https:\/\/schema.org","@graph":[{"@type":"WebPage","@id":"https:\/\/www.eams-industrie.com\/mentions-legales\/","url":"https:\/\/www.eams-industrie.com\/mentions-legales\/","name":"Informaci\u00f3n legal - EAMS Industrie","isPartOf":{"@id":"https:\/\/www.eams-industrie.com\/#website"},"primaryImageOfPage":{"@id":"https:\/\/www.eams-industrie.com\/mentions-legales\/#primaryimage"},"image":{"@id":"https:\/\/www.eams-industrie.com\/mentions-legales\/#primaryimage"},"thumbnailUrl":"https:\/\/www.eams-industrie.com\/wp-content\/uploads\/2026\/03\/EAMS-Industrie-2.jpg","datePublished":"2016-11-26T19:18:19+00:00","dateModified":"2026-03-18T14:13:48+00:00","breadcrumb":{"@id":"https:\/\/www.eams-industrie.com\/mentions-legales\/#breadcrumb"},"inLanguage":"es","potentialAction":[{"@type":"ReadAction","target":["https:\/\/www.eams-industrie.com\/mentions-legales\/"]}]},{"@type":"ImageObject","inLanguage":"es","@id":"https:\/\/www.eams-industrie.com\/mentions-legales\/#primaryimage","url":"https:\/\/www.eams-industrie.com\/wp-content\/uploads\/2026\/03\/EAMS-Industrie-2.jpg","contentUrl":"https:\/\/www.eams-industrie.com\/wp-content\/uploads\/2026\/03\/EAMS-Industrie-2.jpg","width":1440,"height":635},{"@type":"BreadcrumbList","@id":"https:\/\/www.eams-industrie.com\/mentions-legales\/#breadcrumb","itemListElement":[{"@type":"ListItem","position":1,"name":"Accueil","item":"https:\/\/www.eams-industrie.com\/"},{"@type":"ListItem","position":2,"name":"Mentions l\u00e9gales"}]},{"@type":"WebSite","@id":"https:\/\/www.eams-industrie.com\/#website","url":"https:\/\/www.eams-industrie.com\/","name":"EAMS Industrie","description":"Dise\u00f1o y fabricaci\u00f3n de equipos para los sectores agroalimentario e industrial","publisher":{"@id":"https:\/\/www.eams-industrie.com\/#organization"},"potentialAction":[{"@type":"SearchAction","target":{"@type":"EntryPoint","urlTemplate":"https:\/\/www.eams-industrie.com\/?s={search_term_string}"},"query-input":{"@type":"PropertyValueSpecification","valueRequired":true,"valueName":"search_term_string"}}],"inLanguage":"es"},{"@type":"Organization","@id":"https:\/\/www.eams-industrie.com\/#organization","name":"EAMS Industrie","url":"https:\/\/www.eams-industrie.com\/","logo":{"@type":"ImageObject","inLanguage":"es","@id":"https:\/\/www.eams-industrie.com\/#\/schema\/logo\/image\/","url":"https:\/\/www.eams-industrie.com\/wp-content\/uploads\/2023\/01\/Logo-EAMS.svg","contentUrl":"https:\/\/www.eams-industrie.com\/wp-content\/uploads\/2023\/01\/Logo-EAMS.svg","width":149,"height":71,"caption":"EAMS Industrie"},"image":{"@id":"https:\/\/www.eams-industrie.com\/#\/schema\/logo\/image\/"}}]}},"_links":{"self":[{"href":"https:\/\/www.eams-industrie.com\/es\/wp-json\/wp\/v2\/pages\/75064","targetHints":{"allow":["GET"]}}],"collection":[{"href":"https:\/\/www.eams-industrie.com\/es\/wp-json\/wp\/v2\/pages"}],"about":[{"href":"https:\/\/www.eams-industrie.com\/es\/wp-json\/wp\/v2\/types\/page"}],"author":[{"embeddable":true,"href":"https:\/\/www.eams-industrie.com\/es\/wp-json\/wp\/v2\/users\/1"}],"replies":[{"embeddable":true,"href":"https:\/\/www.eams-industrie.com\/es\/wp-json\/wp\/v2\/comments?post=75064"}],"version-history":[{"count":5,"href":"https:\/\/www.eams-industrie.com\/es\/wp-json\/wp\/v2\/pages\/75064\/revisions"}],"predecessor-version":[{"id":80013,"href":"https:\/\/www.eams-industrie.com\/es\/wp-json\/wp\/v2\/pages\/75064\/revisions\/80013"}],"wp:featuredmedia":[{"embeddable":true,"href":"https:\/\/www.eams-industrie.com\/es\/wp-json\/wp\/v2\/media\/79418"}],"wp:attachment":[{"href":"https:\/\/www.eams-industrie.com\/es\/wp-json\/wp\/v2\/media?parent=75064"}],"curies":[{"name":"wp","href":"https:\/\/api.w.org\/{rel}","templated":true}]}}