{"id":73958,"date":"2015-05-28T14:54:07","date_gmt":"2015-05-28T07:54:07","guid":{"rendered":"http:\/\/vnh.local\/structure\/?page_id=73958"},"modified":"2026-03-13T13:23:42","modified_gmt":"2026-03-13T12:23:42","slug":"geschiedenis","status":"publish","type":"page","link":"https:\/\/www.eams-industrie.com\/nl\/eams-industrie\/historique\/","title":{"rendered":"Geschiedenis"},"content":{"rendered":"<p>Het bedrijf <strong>EAMS Industrie<\/strong> werd in 1998 opgericht door de scheepswerf PIRIOU de Concarneau en de huidige directeur, <strong>Gilbert Gourmelen<\/strong>, de directie en een deel van het productiepersoneel kwamen voort uit de Frans-Amerikaanse Mather &amp; Platt groep, gevolgd door FMC, nu JBT MAREL, beide destijds specialisten in de oogst en verwerking van groenten en opeenvolgend gevestigd in Quimper van 1956 tot 1997. De tweede onderneming werd eind 1997 geliquideerd. Dit team beschikte dus over een grote expertise in het ontwerp en de fabricage van productielijnen voor groenten. <strong>EAMS Industrie<\/strong> begon zo zijn samenwerking met zijn meerderheidsaandeelhouder en bouwde ket<strong> EAMS Industrie<\/strong> is door de jaren heen uitgegroeid tot een specialist in groenteverwerkingsapparatuur, waarvan het uitgebreide assortiment u op de volgende pagina's vindt.<\/p>","protected":false},"excerpt":{"rendered":"<p>La soci\u00e9t\u00e9 EAMS Industrie a \u00e9t\u00e9 fond\u00e9e en 1998 par les chantiers navals PIRIOU de Concarneau et son actuel g\u00e9rant, Gilbert Gourmelen, l\u2019\u00e9quipe de direction ainsi qu\u2019une partie du personnel de fabrication \u00e9tant issus du groupe Franco-Am\u00e9ricain Mather &amp; Platt suivi de FMC aujourd&rsquo;hui JBT MAREL, toutes 2 \u00e0 l&rsquo;\u00e9poque sp\u00e9cialistes de la r\u00e9colte et [&hellip;]<\/p>\n","protected":false},"author":1,"featured_media":78228,"parent":61,"menu_order":0,"comment_status":"closed","ping_status":"closed","template":"","meta":{"_acf_changed":false,"iawp_total_views":4,"footnotes":""},"class_list":["post-73958","page","type-page","status-publish","has-post-thumbnail","hentry"],"acf":[],"yoast_head":"<!-- This site is optimized with the Yoast SEO plugin v27.4 - https:\/\/yoast.com\/product\/yoast-seo-wordpress\/ -->\n<title>Historique - EAMS Industrie<\/title>\n<meta name=\"robots\" content=\"index, follow, max-snippet:-1, max-image-preview:large, max-video-preview:-1\" \/>\n<link rel=\"canonical\" href=\"https:\/\/www.eams-industrie.com\/nl\/nokken-industrie\/geschiedenis\/\" \/>\n<meta property=\"og:locale\" content=\"nl_NL\" \/>\n<meta property=\"og:type\" content=\"article\" \/>\n<meta property=\"og:title\" content=\"Historique - EAMS Industrie\" \/>\n<meta property=\"og:description\" content=\"La soci\u00e9t\u00e9 EAMS Industrie a \u00e9t\u00e9 fond\u00e9e en 1998 par les chantiers navals PIRIOU de Concarneau et son actuel g\u00e9rant, Gilbert Gourmelen, l\u2019\u00e9quipe de direction ainsi qu\u2019une partie du personnel de fabrication \u00e9tant issus du groupe Franco-Am\u00e9ricain Mather &amp; Platt suivi de FMC aujourd&rsquo;hui JBT MAREL, toutes 2 \u00e0 l&rsquo;\u00e9poque sp\u00e9cialistes de la r\u00e9colte et [&hellip;]\" \/>\n<meta property=\"og:url\" content=\"https:\/\/www.eams-industrie.com\/nl\/nokken-industrie\/geschiedenis\/\" \/>\n<meta property=\"og:site_name\" content=\"EAMS Industrie\" \/>\n<meta property=\"article:modified_time\" content=\"2026-03-13T12:23:42+00:00\" \/>\n<meta property=\"og:image\" content=\"https:\/\/www.eams-industrie.com\/wp-content\/uploads\/2026\/01\/matther-1968-scaled.jpg\" \/>\n\t<meta property=\"og:image:width\" content=\"2560\" \/>\n\t<meta property=\"og:image:height\" content=\"2003\" \/>\n\t<meta property=\"og:image:type\" content=\"image\/jpeg\" \/>\n<meta name=\"twitter:card\" content=\"summary_large_image\" \/>\n<meta name=\"twitter:label1\" content=\"Geschatte leestijd\" \/>\n\t<meta name=\"twitter:data1\" content=\"2 minuten\" \/>\n<script type=\"application\/ld+json\" class=\"yoast-schema-graph\">{\"@context\":\"https:\\\/\\\/schema.org\",\"@graph\":[{\"@type\":\"WebPage\",\"@id\":\"https:\\\/\\\/www.eams-industrie.com\\\/eams-industrie\\\/historique\\\/\",\"url\":\"https:\\\/\\\/www.eams-industrie.com\\\/eams-industrie\\\/historique\\\/\",\"name\":\"Historique - EAMS Industrie\",\"isPartOf\":{\"@id\":\"https:\\\/\\\/www.eams-industrie.com\\\/#website\"},\"primaryImageOfPage\":{\"@id\":\"https:\\\/\\\/www.eams-industrie.com\\\/eams-industrie\\\/historique\\\/#primaryimage\"},\"image\":{\"@id\":\"https:\\\/\\\/www.eams-industrie.com\\\/eams-industrie\\\/historique\\\/#primaryimage\"},\"thumbnailUrl\":\"https:\\\/\\\/www.eams-industrie.com\\\/wp-content\\\/uploads\\\/2026\\\/01\\\/matther-1968-scaled.jpg\",\"datePublished\":\"2015-05-28T07:54:07+00:00\",\"dateModified\":\"2026-03-13T12:23:42+00:00\",\"breadcrumb\":{\"@id\":\"https:\\\/\\\/www.eams-industrie.com\\\/eams-industrie\\\/historique\\\/#breadcrumb\"},\"inLanguage\":\"nl-NL\",\"potentialAction\":[{\"@type\":\"ReadAction\",\"target\":[\"https:\\\/\\\/www.eams-industrie.com\\\/eams-industrie\\\/historique\\\/\"]}]},{\"@type\":\"ImageObject\",\"inLanguage\":\"nl-NL\",\"@id\":\"https:\\\/\\\/www.eams-industrie.com\\\/eams-industrie\\\/historique\\\/#primaryimage\",\"url\":\"https:\\\/\\\/www.eams-industrie.com\\\/wp-content\\\/uploads\\\/2026\\\/01\\\/matther-1968-scaled.jpg\",\"contentUrl\":\"https:\\\/\\\/www.eams-industrie.com\\\/wp-content\\\/uploads\\\/2026\\\/01\\\/matther-1968-scaled.jpg\",\"width\":2560,\"height\":2003},{\"@type\":\"BreadcrumbList\",\"@id\":\"https:\\\/\\\/www.eams-industrie.com\\\/eams-industrie\\\/historique\\\/#breadcrumb\",\"itemListElement\":[{\"@type\":\"ListItem\",\"position\":1,\"name\":\"Accueil\",\"item\":\"https:\\\/\\\/www.eams-industrie.com\\\/\"},{\"@type\":\"ListItem\",\"position\":2,\"name\":\"EAMS Industrie\",\"item\":\"https:\\\/\\\/www.eams-industrie.com\\\/eams-industrie\\\/\"},{\"@type\":\"ListItem\",\"position\":3,\"name\":\"Historique\"}]},{\"@type\":\"WebSite\",\"@id\":\"https:\\\/\\\/www.eams-industrie.com\\\/#website\",\"url\":\"https:\\\/\\\/www.eams-industrie.com\\\/\",\"name\":\"EAMS Industrie\",\"description\":\"Conception et fabrication d\u2019\u00e9quipements pour l\u2019agroalimentaire et l\u2019industrie\",\"publisher\":{\"@id\":\"https:\\\/\\\/www.eams-industrie.com\\\/#organization\"},\"potentialAction\":[{\"@type\":\"SearchAction\",\"target\":{\"@type\":\"EntryPoint\",\"urlTemplate\":\"https:\\\/\\\/www.eams-industrie.com\\\/?s={search_term_string}\"},\"query-input\":{\"@type\":\"PropertyValueSpecification\",\"valueRequired\":true,\"valueName\":\"search_term_string\"}}],\"inLanguage\":\"nl-NL\"},{\"@type\":\"Organization\",\"@id\":\"https:\\\/\\\/www.eams-industrie.com\\\/#organization\",\"name\":\"EAMS Industrie\",\"url\":\"https:\\\/\\\/www.eams-industrie.com\\\/\",\"logo\":{\"@type\":\"ImageObject\",\"inLanguage\":\"nl-NL\",\"@id\":\"https:\\\/\\\/www.eams-industrie.com\\\/#\\\/schema\\\/logo\\\/image\\\/\",\"url\":\"https:\\\/\\\/www.eams-industrie.com\\\/wp-content\\\/uploads\\\/2023\\\/01\\\/Logo-EAMS.svg\",\"contentUrl\":\"https:\\\/\\\/www.eams-industrie.com\\\/wp-content\\\/uploads\\\/2023\\\/01\\\/Logo-EAMS.svg\",\"width\":149,\"height\":71,\"caption\":\"EAMS Industrie\"},\"image\":{\"@id\":\"https:\\\/\\\/www.eams-industrie.com\\\/#\\\/schema\\\/logo\\\/image\\\/\"}}]}<\/script>\n<!-- \/ Yoast SEO plugin. -->","yoast_head_json":{"title":"Historiek - EAMS Industrie","robots":{"index":"index","follow":"follow","max-snippet":"max-snippet:-1","max-image-preview":"max-image-preview:large","max-video-preview":"max-video-preview:-1"},"canonical":"https:\/\/www.eams-industrie.com\/nl\/nokken-industrie\/geschiedenis\/","og_locale":"nl_NL","og_type":"article","og_title":"Historique - EAMS Industrie","og_description":"La soci\u00e9t\u00e9 EAMS Industrie a \u00e9t\u00e9 fond\u00e9e en 1998 par les chantiers navals PIRIOU de Concarneau et son actuel g\u00e9rant, Gilbert Gourmelen, l\u2019\u00e9quipe de direction ainsi qu\u2019une partie du personnel de fabrication \u00e9tant issus du groupe Franco-Am\u00e9ricain Mather &amp; Platt suivi de FMC aujourd&rsquo;hui JBT MAREL, toutes 2 \u00e0 l&rsquo;\u00e9poque sp\u00e9cialistes de la r\u00e9colte et [&hellip;]","og_url":"https:\/\/www.eams-industrie.com\/nl\/nokken-industrie\/geschiedenis\/","og_site_name":"EAMS Industrie","article_modified_time":"2026-03-13T12:23:42+00:00","og_image":[{"width":2560,"height":2003,"url":"https:\/\/www.eams-industrie.com\/wp-content\/uploads\/2026\/01\/matther-1968-scaled.jpg","type":"image\/jpeg"}],"twitter_card":"summary_large_image","twitter_misc":{"Geschatte leestijd":"2 minuten"},"schema":{"@context":"https:\/\/schema.org","@graph":[{"@type":"WebPage","@id":"https:\/\/www.eams-industrie.com\/eams-industrie\/historique\/","url":"https:\/\/www.eams-industrie.com\/eams-industrie\/historique\/","name":"Historiek - EAMS Industrie","isPartOf":{"@id":"https:\/\/www.eams-industrie.com\/#website"},"primaryImageOfPage":{"@id":"https:\/\/www.eams-industrie.com\/eams-industrie\/historique\/#primaryimage"},"image":{"@id":"https:\/\/www.eams-industrie.com\/eams-industrie\/historique\/#primaryimage"},"thumbnailUrl":"https:\/\/www.eams-industrie.com\/wp-content\/uploads\/2026\/01\/matther-1968-scaled.jpg","datePublished":"2015-05-28T07:54:07+00:00","dateModified":"2026-03-13T12:23:42+00:00","breadcrumb":{"@id":"https:\/\/www.eams-industrie.com\/eams-industrie\/historique\/#breadcrumb"},"inLanguage":"nl-NL","potentialAction":[{"@type":"ReadAction","target":["https:\/\/www.eams-industrie.com\/eams-industrie\/historique\/"]}]},{"@type":"ImageObject","inLanguage":"nl-NL","@id":"https:\/\/www.eams-industrie.com\/eams-industrie\/historique\/#primaryimage","url":"https:\/\/www.eams-industrie.com\/wp-content\/uploads\/2026\/01\/matther-1968-scaled.jpg","contentUrl":"https:\/\/www.eams-industrie.com\/wp-content\/uploads\/2026\/01\/matther-1968-scaled.jpg","width":2560,"height":2003},{"@type":"BreadcrumbList","@id":"https:\/\/www.eams-industrie.com\/eams-industrie\/historique\/#breadcrumb","itemListElement":[{"@type":"ListItem","position":1,"name":"Accueil","item":"https:\/\/www.eams-industrie.com\/"},{"@type":"ListItem","position":2,"name":"EAMS Industrie","item":"https:\/\/www.eams-industrie.com\/eams-industrie\/"},{"@type":"ListItem","position":3,"name":"Historique"}]},{"@type":"WebSite","@id":"https:\/\/www.eams-industrie.com\/#website","url":"https:\/\/www.eams-industrie.com\/","name":"EAMS Industrie","description":"Ontwerp en fabricage van apparatuur voor de agrovoedingssector en de industrie","publisher":{"@id":"https:\/\/www.eams-industrie.com\/#organization"},"potentialAction":[{"@type":"SearchAction","target":{"@type":"EntryPoint","urlTemplate":"https:\/\/www.eams-industrie.com\/?s={search_term_string}"},"query-input":{"@type":"PropertyValueSpecification","valueRequired":true,"valueName":"search_term_string"}}],"inLanguage":"nl-NL"},{"@type":"Organization","@id":"https:\/\/www.eams-industrie.com\/#organization","name":"EAMS Industrie","url":"https:\/\/www.eams-industrie.com\/","logo":{"@type":"ImageObject","inLanguage":"nl-NL","@id":"https:\/\/www.eams-industrie.com\/#\/schema\/logo\/image\/","url":"https:\/\/www.eams-industrie.com\/wp-content\/uploads\/2023\/01\/Logo-EAMS.svg","contentUrl":"https:\/\/www.eams-industrie.com\/wp-content\/uploads\/2023\/01\/Logo-EAMS.svg","width":149,"height":71,"caption":"EAMS Industrie"},"image":{"@id":"https:\/\/www.eams-industrie.com\/#\/schema\/logo\/image\/"}}]}},"_links":{"self":[{"href":"https:\/\/www.eams-industrie.com\/nl\/wp-json\/wp\/v2\/pages\/73958","targetHints":{"allow":["GET"]}}],"collection":[{"href":"https:\/\/www.eams-industrie.com\/nl\/wp-json\/wp\/v2\/pages"}],"about":[{"href":"https:\/\/www.eams-industrie.com\/nl\/wp-json\/wp\/v2\/types\/page"}],"author":[{"embeddable":true,"href":"https:\/\/www.eams-industrie.com\/nl\/wp-json\/wp\/v2\/users\/1"}],"replies":[{"embeddable":true,"href":"https:\/\/www.eams-industrie.com\/nl\/wp-json\/wp\/v2\/comments?post=73958"}],"version-history":[{"count":4,"href":"https:\/\/www.eams-industrie.com\/nl\/wp-json\/wp\/v2\/pages\/73958\/revisions"}],"predecessor-version":[{"id":79736,"href":"https:\/\/www.eams-industrie.com\/nl\/wp-json\/wp\/v2\/pages\/73958\/revisions\/79736"}],"up":[{"embeddable":true,"href":"https:\/\/www.eams-industrie.com\/nl\/wp-json\/wp\/v2\/pages\/61"}],"wp:featuredmedia":[{"embeddable":true,"href":"https:\/\/www.eams-industrie.com\/nl\/wp-json\/wp\/v2\/media\/78228"}],"wp:attachment":[{"href":"https:\/\/www.eams-industrie.com\/nl\/wp-json\/wp\/v2\/media?parent=73958"}],"curies":[{"name":"wp","href":"https:\/\/api.w.org\/{rel}","templated":true}]}}