{"id":74448,"date":"2015-06-06T17:38:29","date_gmt":"2015-06-06T10:38:29","guid":{"rendered":"http:\/\/vnh.local\/structure\/?page_id=74448"},"modified":"2026-03-30T17:41:47","modified_gmt":"2026-03-30T15:41:47","slug":"werving","status":"publish","type":"page","link":"https:\/\/www.eams-industrie.com\/nl\/eams-industrie\/recrutement\/","title":{"rendered":"Aanwerving"},"content":{"rendered":"<div data-elementor-type=\"wp-page\" data-elementor-id=\"74448\" class=\"elementor elementor-74448\" data-elementor-post-type=\"page\">\n\t\t\t\t<div class=\"elementor-element elementor-element-34805fb e-con-full elementor-container-cat-bg e-flex e-con e-parent\" data-id=\"34805fb\" data-element_type=\"container\" data-e-type=\"container\" data-settings=\"{&quot;background_background&quot;:&quot;classic&quot;}\" data-bg=\"\">\n\t\t<div class=\"elementor-element elementor-element-1c550b8 blur e-flex e-con-boxed e-con e-child\" data-id=\"1c550b8\" data-element_type=\"container\" data-e-type=\"container\">\n\t\t\t\t\t<div class=\"e-con-inner\">\n\t\t<div class=\"elementor-element elementor-element-d78a901 e-con-full e-flex e-con e-child\" data-id=\"d78a901\" data-element_type=\"container\" data-e-type=\"container\">\n\t\t\t\t<div class=\"elementor-element elementor-element-a7dfd76 elementor-widget__width-inherit balance elementor-widget elementor-widget-heading\" data-id=\"a7dfd76\" data-element_type=\"widget\" data-e-type=\"widget\" data-widget_type=\"heading.default\">\n\t\t\t\t\t<h1 class=\"elementor-heading-title elementor-size-default\">Baanaanbod(len)<\/h1>\t\t\t\t<\/div>\n\t\t\t\t<\/div>\n\t\t\t\t\t<\/div>\n\t\t\t\t<\/div>\n\t\t\t\t<\/div>\n\t\t<div class=\"elementor-element elementor-element-24425a36 e-flex e-con-boxed e-con e-parent\" data-id=\"24425a36\" data-element_type=\"container\" data-e-type=\"container\">\n\t\t\t\t\t<div class=\"e-con-inner\">\n\t\t\t\t<div class=\"elementor-element elementor-element-31882fe elementor-widget elementor-widget-n-accordion\" data-id=\"31882fe\" data-element_type=\"widget\" data-e-type=\"widget\" data-settings=\"{&quot;default_state&quot;:&quot;all_collapsed&quot;,&quot;max_items_expended&quot;:&quot;one&quot;,&quot;n_accordion_animation_duration&quot;:{&quot;unit&quot;:&quot;ms&quot;,&quot;size&quot;:400,&quot;sizes&quot;:[]}}\" data-widget_type=\"nested-accordion.default\">\n\t\t\t\t\t\t\t<div class=\"e-n-accordion\" aria-label=\"Accordeon. Links openen met Enter of Spatie, sluiten met Escape en navigeren met Pijltjestoetsen\">\n\t\t\t\t\t\t<details id=\"e-n-accordion-item-5190\" class=\"e-n-accordion-item\" >\n\t\t\t\t<summary class=\"e-n-accordion-item-title\" data-accordion-index=\"1\" tabindex=\"0\" aria-expanded=\"false\" aria-controls=\"e-n-accordion-item-5190\" >\n\t\t\t\t\t<span class='e-n-accordion-item-title-header'><h2 class=\"e-n-accordion-item-title-text\"> Hoofdmonteur op de bouwplaats - m\/v <\/h2><\/span>\n\t\t\t\t\t\t\t<span class='e-n-accordion-item-title-icon'>\n\t\t\t<span class='e-opened' ><svg aria-hidden=\"true\" class=\"e-font-icon-svg e-fas-minus\" viewbox=\"0 0 448 512\" xmlns=\"http:\/\/www.w3.org\/2000\/svg\"><path d=\"M416 208H32c-17.67 0-32 14.33-32 32v32c0 17.67 14.33 32 32 32h384c17.67 0 32-14.33 32-32v-32c0-17.67-14.33-32-32-32z\"><\/path><\/svg><\/span>\n\t\t\t<span class='e-closed'><svg aria-hidden=\"true\" class=\"e-font-icon-svg e-fas-plus\" viewbox=\"0 0 448 512\" xmlns=\"http:\/\/www.w3.org\/2000\/svg\"><path d=\"M416 208H272V64c0-17.67-14.33-32-32-32h-32c-17.67 0-32 14.33-32 32v144H32c-17.67 0-32 14.33-32 32v32c0 17.67 14.33 32 32 32h144v144c0 17.67 14.33 32 32 32h32c17.67 0 32-14.33 32-32V304h144c17.67 0 32-14.33 32-32v-32c0-17.67-14.33-32-32-32z\"><\/path><\/svg><\/span>\n\t\t<\/span>\n\n\t\t\t\t\t\t<\/summary>\n\t\t\t\t<div role=\"region\" aria-labelledby=\"e-n-accordion-item-5190\" class=\"elementor-element elementor-element-4384c34 e-con-full e-flex e-con e-child\" data-id=\"4384c34\" data-element_type=\"container\" data-e-type=\"container\">\n\t\t\t\t<div class=\"elementor-element elementor-element-850699d elementor-widget elementor-widget-text-editor\" data-id=\"850699d\" data-element_type=\"widget\" data-e-type=\"widget\" data-widget_type=\"text-editor.default\">\n\t\t\t\t\t\t\t\t\t<p><strong style=\"font-size: 16px;\">Werfassemblage (Frankrijk\/Europa) - Vast contract<\/strong><\/p>\n<article><strong>Jouw taken:<\/strong><p><\/p>\n<ul>\n<li><strong>Voormontage in de werkplaats<\/strong> Montage en voorbereiding van materialen v\u00f3\u00f3r levering \u2013 <b>Frequentie 5 tot 7 maanden per jaar<\/b>.<\/li>\n<li><strong>Installatie op locatie<\/strong> Installatie van materiaal, ondersteuningen, looppoorten, en participatie aan de inbedrijfstelling \u2013&nbsp;<span style=\"font-weight: 700;\">3 tot 5 keer per jaar<\/span>.<\/li>\n<li><strong>Werken in een team<\/strong> Interventie in Frankrijk (met name Bretagne\/Finist\u00e8re) en Europa.<\/li>\n<li><strong>Veelzijdigheid<\/strong> Mechanische assemblage, handling, gebruik van hoogwerkers, werken op hoogte en lassen indien nodig.<\/li>\n<li><strong>Logistiek<\/strong> Gebruik van vorkheftrucks, hoogwerkers en manuscopic.<\/li>\n<\/ul>\n<p><strong>Meer informatie&nbsp;<\/strong>:<\/p>\n<ul>\n<li>Voer alle handelingen uit in overeenstemming met de veiligheidsvoorschriften,<\/li>\n<li>Gebruik geschikte middelen om de machine of machineonderdelen op te tillen en te vervoeren,<\/li>\n<li>Voer de montage of demontage uit, rekening houdend met de specifieke kenmerken van de machine,<\/li>\n<li>De machine en verschillende uitrustingsstukken positioneren, vastzetten en vastzetten<\/li>\n<li>Voer inbedrijfstellingstests uit,<\/li>\n<\/ul>\n<p><strong>Je profiel:<\/strong><\/p>\n<ul>\n<li>Je bent een zelfstarter met goede interpersoonlijke vaardigheden en je bent nauwgezet, flexibel en veelzijdig.<\/li>\n<li>Je hebt een achtergrond in metaalkunde, onderhoud of mechanica.<\/li>\n<li><strong>Minstens 2 tot 3 jaar ervaring<\/strong> in mechanische of industri\u00eble assemblage - Je hebt ervaring in het vak (teambeheer is een pluspunt).<\/li>\n<li><strong>Autonomie, striktheid en teamgeest<\/strong> - Rijbewijs vereist.<\/li>\n<li><strong>CACES-training<\/strong>.<\/li>\n<li><strong>Beschikbaar voor reizen<\/strong> (Bretagne, Frankrijk, Europa).<\/li>\n<\/ul>\n<p><strong>Wij bieden :<\/strong><\/p>\n<ul>\n<li><strong>CONTRACT VAN ONBEPAALDE DUUR<\/strong> en reiskostenvergoedingen.<\/li>\n<li><strong>Vergoeding <\/strong>van<strong> \u20ac2.700 bruto tot \u20ac3.100 bruto <\/strong>volgens profiel + 13<sup>th<\/sup> maand<\/li>\n<li><strong>Basis van 35 uur <\/strong>+ Overwerk<\/li>\n<li><strong>Vakantie<\/strong> Je kunt maximaal 5 weken vrij nemen tussen augustus en oktober.<\/li>\n<li><strong>Voortgezette opleiding<\/strong> en mogelijke ontwikkeling.<\/li>\n<li><strong>Een gevarieerde omgeving<\/strong> Workshops en klantensites.<\/li>\n<li><strong>Moderne apparatuur<\/strong> en ervaren management.<\/li>\n<\/ul>\n<p><strong>Bedrijfsvoordelen:<\/strong><\/p>\n<ul>\n<li>Lunchbonnen<\/li>\n<li>ESC<\/li>\n<li>Bonus<\/li>\n<li>13<sup>th<\/sup> maand<\/li>\n<\/ul>\n<p><strong>Nu solliciteren<\/strong> door uw CV te sturen naar <a href=\"mailto:recrutement@eams-industrie.com\">recrutement@eams-industrie.com<\/a><\/p>\n<p>Deze functie staat open voor werknemers met een handicap.<\/p>\n<\/article>\t\t\t\t\t\t\t\t<\/div>\n\t\t\t\t<\/div>\n\t\t\t\t\t<\/details>\n\t\t\t\t\t\t<details id=\"e-n-accordion-item-5191\" class=\"e-n-accordion-item\" >\n\t\t\t\t<summary class=\"e-n-accordion-item-title\" data-accordion-index=\"2\" tabindex=\"-1\" aria-expanded=\"false\" aria-controls=\"e-n-accordion-item-5191\" >\n\t\t\t\t\t<span class='e-n-accordion-item-title-header'><h2 class=\"e-n-accordion-item-title-text\"> Boilermaker-Welder (M\/V) - Contract onbepaalde tijd  <\/h2><\/span>\n\t\t\t\t\t\t\t<span class='e-n-accordion-item-title-icon'>\n\t\t\t<span class='e-opened' ><svg aria-hidden=\"true\" class=\"e-font-icon-svg e-fas-minus\" viewbox=\"0 0 448 512\" xmlns=\"http:\/\/www.w3.org\/2000\/svg\"><path d=\"M416 208H32c-17.67 0-32 14.33-32 32v32c0 17.67 14.33 32 32 32h384c17.67 0 32-14.33 32-32v-32c0-17.67-14.33-32-32-32z\"><\/path><\/svg><\/span>\n\t\t\t<span class='e-closed'><svg aria-hidden=\"true\" class=\"e-font-icon-svg e-fas-plus\" viewbox=\"0 0 448 512\" xmlns=\"http:\/\/www.w3.org\/2000\/svg\"><path d=\"M416 208H272V64c0-17.67-14.33-32-32-32h-32c-17.67 0-32 14.33-32 32v144H32c-17.67 0-32 14.33-32 32v32c0 17.67 14.33 32 32 32h144v144c0 17.67 14.33 32 32 32h32c17.67 0 32-14.33 32-32V304h144c17.67 0 32-14.33 32-32v-32c0-17.67-14.33-32-32-32z\"><\/path><\/svg><\/span>\n\t\t<\/span>\n\n\t\t\t\t\t\t<\/summary>\n\t\t\t\t<div role=\"region\" aria-labelledby=\"e-n-accordion-item-5191\" class=\"elementor-element elementor-element-d83a61f e-con-full e-flex e-con e-child\" data-id=\"d83a61f\" data-element_type=\"container\" data-e-type=\"container\">\n\t\t\t\t<div class=\"elementor-element elementor-element-7e98afe elementor-widget elementor-widget-text-editor\" data-id=\"7e98afe\" data-element_type=\"widget\" data-e-type=\"widget\" data-widget_type=\"text-editor.default\">\n\t\t\t\t\t\t\t\t\t<p>Sluit je aan bij EAMS, experts in het ontwerpen en produceren van proceslijnen voor de voedingsmiddelenindustrie en apparatuur op maat voor de scheepsbouw.<\/p><p><strong>Jouw taken:<\/strong><\/p><p>Als onderdeel van ons team ben je verantwoordelijk voor :<\/p><ul><li>Assembleert onderdelen tot subassemblages op basis van productietekeningen (TIG-, MIG- of MAG-lassen).<\/li><li>Afhankelijk van je ervaring kun je deelnemen aan de volledige bouw van de machines.<\/li><li>Afgewerkte onderdelen voorbereiden op stralen, verven, galvaniseren, mechanische assemblage en testen voor verzending.<\/li><\/ul><p><strong>Je profiel:<\/strong><\/p><ul><li>Opleiding in ketelbouw en plaatbewerking.<\/li><li>Eerste laservaring gewenst.<\/li><li>Lasdiploma's en CACES worden op prijs gesteld.<\/li><\/ul><p><strong>Waarom meedoen?<\/strong><\/p><ul><li>Aantrekkelijke beloning.<\/li><li>Vast contract - 35u\/week<\/li><li>13e maand.<\/li><li>Dynamische omgeving en gevarieerde projecten.<\/li><\/ul><p>Je kunt meer te weten komen over je toekomstige bedrijf op <a href=\"http:\/\/www.eams-industrie.com\/nl\/\">www.eams-industrie.com<\/a><\/p><p><strong>Nu solliciteren<\/strong> op <a href=\"mailto:recrutement@eams-industrie.com\"><strong>recrutement@eams-industrie.com<\/strong><\/a><\/p><p>Deze functie staat open voor werknemers met een handicap.<\/p>\t\t\t\t\t\t\t\t<\/div>\n\t\t\t\t<\/div>\n\t\t\t\t\t<\/details>\n\t\t\t\t\t<\/div>\n\t\t\t\t\t\t<\/div>\n\t\t\t\t\t<\/div>\n\t\t\t\t<\/div>\n\t\t<div class=\"elementor-element elementor-element-0ff7748 e-flex e-con-boxed e-con e-parent\" data-id=\"0ff7748\" data-element_type=\"container\" data-e-type=\"container\">\n\t\t\t\t\t<div class=\"e-con-inner\">\n\t\t\t\t\t<\/div>\n\t\t\t\t<\/div>\n\t\t\t\t<\/div>","protected":false},"excerpt":{"rendered":"<p>Offre(s) d&#8217;emploi(s) Chef Monteur sur chantier &#8211; H\/F Montage sur Chantier (France\/Europe) \u2013 CDI Vos missions : Pr\u00e9montage en atelier : Montage et pr\u00e9paration des mat\u00e9riels avant livraison &#8211; Fr\u00e9quence 5 \u00e0 7 mois par an. Montage sur site client : Installation des mat\u00e9riels, supportages, passerelles de circulation, et participation \u00e0 la mise en service [&hellip;]<\/p>\n","protected":false},"author":1,"featured_media":78219,"parent":61,"menu_order":0,"comment_status":"closed","ping_status":"closed","template":"","meta":{"_acf_changed":false,"iawp_total_views":77,"footnotes":""},"class_list":["post-74448","page","type-page","status-publish","has-post-thumbnail","hentry"],"acf":[],"yoast_head":"<!-- This site is optimized with the Yoast SEO plugin v27.4 - https:\/\/yoast.com\/product\/yoast-seo-wordpress\/ -->\n<title>Recrutement - EAMS Industrie<\/title>\n<meta name=\"robots\" content=\"index, follow, max-snippet:-1, max-image-preview:large, max-video-preview:-1\" \/>\n<link rel=\"canonical\" href=\"https:\/\/www.eams-industrie.com\/nl\/nokken-industrie\/werving\/\" \/>\n<meta property=\"og:locale\" content=\"nl_NL\" \/>\n<meta property=\"og:type\" content=\"article\" \/>\n<meta property=\"og:title\" content=\"Recrutement - EAMS Industrie\" \/>\n<meta property=\"og:description\" content=\"Offre(s) d&#8217;emploi(s) Chef Monteur sur chantier &#8211; H\/F Montage sur Chantier (France\/Europe) \u2013 CDI Vos missions : Pr\u00e9montage en atelier : Montage et pr\u00e9paration des mat\u00e9riels avant livraison &#8211; Fr\u00e9quence 5 \u00e0 7 mois par an. Montage sur site client : Installation des mat\u00e9riels, supportages, passerelles de circulation, et participation \u00e0 la mise en service [&hellip;]\" \/>\n<meta property=\"og:url\" content=\"https:\/\/www.eams-industrie.com\/nl\/nokken-industrie\/werving\/\" \/>\n<meta property=\"og:site_name\" content=\"EAMS Industrie\" \/>\n<meta property=\"article:modified_time\" content=\"2026-03-30T15:41:47+00:00\" \/>\n<meta property=\"og:image\" content=\"https:\/\/www.eams-industrie.com\/wp-content\/uploads\/2026\/01\/20180804_113727-scaled.jpg\" \/>\n\t<meta property=\"og:image:width\" content=\"2560\" \/>\n\t<meta property=\"og:image:height\" content=\"1920\" \/>\n\t<meta property=\"og:image:type\" content=\"image\/jpeg\" \/>\n<meta name=\"twitter:card\" content=\"summary_large_image\" \/>\n<meta name=\"twitter:label1\" content=\"Geschatte leestijd\" \/>\n\t<meta name=\"twitter:data1\" content=\"5 minuten\" \/>\n<script type=\"application\/ld+json\" class=\"yoast-schema-graph\">{\"@context\":\"https:\\\/\\\/schema.org\",\"@graph\":[{\"@type\":\"WebPage\",\"@id\":\"https:\\\/\\\/www.eams-industrie.com\\\/eams-industrie\\\/recrutement\\\/\",\"url\":\"https:\\\/\\\/www.eams-industrie.com\\\/eams-industrie\\\/recrutement\\\/\",\"name\":\"Recrutement - EAMS Industrie\",\"isPartOf\":{\"@id\":\"https:\\\/\\\/www.eams-industrie.com\\\/#website\"},\"primaryImageOfPage\":{\"@id\":\"https:\\\/\\\/www.eams-industrie.com\\\/eams-industrie\\\/recrutement\\\/#primaryimage\"},\"image\":{\"@id\":\"https:\\\/\\\/www.eams-industrie.com\\\/eams-industrie\\\/recrutement\\\/#primaryimage\"},\"thumbnailUrl\":\"https:\\\/\\\/www.eams-industrie.com\\\/wp-content\\\/uploads\\\/2026\\\/01\\\/20180804_113727-scaled.jpg\",\"datePublished\":\"2015-06-06T10:38:29+00:00\",\"dateModified\":\"2026-03-30T15:41:47+00:00\",\"breadcrumb\":{\"@id\":\"https:\\\/\\\/www.eams-industrie.com\\\/eams-industrie\\\/recrutement\\\/#breadcrumb\"},\"inLanguage\":\"nl-NL\",\"potentialAction\":[{\"@type\":\"ReadAction\",\"target\":[\"https:\\\/\\\/www.eams-industrie.com\\\/eams-industrie\\\/recrutement\\\/\"]}]},{\"@type\":\"ImageObject\",\"inLanguage\":\"nl-NL\",\"@id\":\"https:\\\/\\\/www.eams-industrie.com\\\/eams-industrie\\\/recrutement\\\/#primaryimage\",\"url\":\"https:\\\/\\\/www.eams-industrie.com\\\/wp-content\\\/uploads\\\/2026\\\/01\\\/20180804_113727-scaled.jpg\",\"contentUrl\":\"https:\\\/\\\/www.eams-industrie.com\\\/wp-content\\\/uploads\\\/2026\\\/01\\\/20180804_113727-scaled.jpg\",\"width\":2560,\"height\":1920},{\"@type\":\"BreadcrumbList\",\"@id\":\"https:\\\/\\\/www.eams-industrie.com\\\/eams-industrie\\\/recrutement\\\/#breadcrumb\",\"itemListElement\":[{\"@type\":\"ListItem\",\"position\":1,\"name\":\"Accueil\",\"item\":\"https:\\\/\\\/www.eams-industrie.com\\\/\"},{\"@type\":\"ListItem\",\"position\":2,\"name\":\"EAMS Industrie\",\"item\":\"https:\\\/\\\/www.eams-industrie.com\\\/eams-industrie\\\/\"},{\"@type\":\"ListItem\",\"position\":3,\"name\":\"Recrutement\"}]},{\"@type\":\"WebSite\",\"@id\":\"https:\\\/\\\/www.eams-industrie.com\\\/#website\",\"url\":\"https:\\\/\\\/www.eams-industrie.com\\\/\",\"name\":\"EAMS Industrie\",\"description\":\"Conception et fabrication d\u2019\u00e9quipements pour l\u2019agroalimentaire et l\u2019industrie\",\"publisher\":{\"@id\":\"https:\\\/\\\/www.eams-industrie.com\\\/#organization\"},\"potentialAction\":[{\"@type\":\"SearchAction\",\"target\":{\"@type\":\"EntryPoint\",\"urlTemplate\":\"https:\\\/\\\/www.eams-industrie.com\\\/?s={search_term_string}\"},\"query-input\":{\"@type\":\"PropertyValueSpecification\",\"valueRequired\":true,\"valueName\":\"search_term_string\"}}],\"inLanguage\":\"nl-NL\"},{\"@type\":\"Organization\",\"@id\":\"https:\\\/\\\/www.eams-industrie.com\\\/#organization\",\"name\":\"EAMS Industrie\",\"url\":\"https:\\\/\\\/www.eams-industrie.com\\\/\",\"logo\":{\"@type\":\"ImageObject\",\"inLanguage\":\"nl-NL\",\"@id\":\"https:\\\/\\\/www.eams-industrie.com\\\/#\\\/schema\\\/logo\\\/image\\\/\",\"url\":\"https:\\\/\\\/www.eams-industrie.com\\\/wp-content\\\/uploads\\\/2023\\\/01\\\/Logo-EAMS.svg\",\"contentUrl\":\"https:\\\/\\\/www.eams-industrie.com\\\/wp-content\\\/uploads\\\/2023\\\/01\\\/Logo-EAMS.svg\",\"width\":149,\"height\":71,\"caption\":\"EAMS Industrie\"},\"image\":{\"@id\":\"https:\\\/\\\/www.eams-industrie.com\\\/#\\\/schema\\\/logo\\\/image\\\/\"}}]}<\/script>\n<!-- \/ Yoast SEO plugin. -->","yoast_head_json":{"title":"Aanwerving - EAMS Industrie","robots":{"index":"index","follow":"follow","max-snippet":"max-snippet:-1","max-image-preview":"max-image-preview:large","max-video-preview":"max-video-preview:-1"},"canonical":"https:\/\/www.eams-industrie.com\/nl\/nokken-industrie\/werving\/","og_locale":"nl_NL","og_type":"article","og_title":"Recrutement - EAMS Industrie","og_description":"Offre(s) d&#8217;emploi(s) Chef Monteur sur chantier &#8211; H\/F Montage sur Chantier (France\/Europe) \u2013 CDI Vos missions : Pr\u00e9montage en atelier : Montage et pr\u00e9paration des mat\u00e9riels avant livraison &#8211; Fr\u00e9quence 5 \u00e0 7 mois par an. Montage sur site client : Installation des mat\u00e9riels, supportages, passerelles de circulation, et participation \u00e0 la mise en service [&hellip;]","og_url":"https:\/\/www.eams-industrie.com\/nl\/nokken-industrie\/werving\/","og_site_name":"EAMS Industrie","article_modified_time":"2026-03-30T15:41:47+00:00","og_image":[{"width":2560,"height":1920,"url":"https:\/\/www.eams-industrie.com\/wp-content\/uploads\/2026\/01\/20180804_113727-scaled.jpg","type":"image\/jpeg"}],"twitter_card":"summary_large_image","twitter_misc":{"Geschatte leestijd":"5 minuten"},"schema":{"@context":"https:\/\/schema.org","@graph":[{"@type":"WebPage","@id":"https:\/\/www.eams-industrie.com\/eams-industrie\/recrutement\/","url":"https:\/\/www.eams-industrie.com\/eams-industrie\/recrutement\/","name":"Aanwerving - EAMS Industrie","isPartOf":{"@id":"https:\/\/www.eams-industrie.com\/#website"},"primaryImageOfPage":{"@id":"https:\/\/www.eams-industrie.com\/eams-industrie\/recrutement\/#primaryimage"},"image":{"@id":"https:\/\/www.eams-industrie.com\/eams-industrie\/recrutement\/#primaryimage"},"thumbnailUrl":"https:\/\/www.eams-industrie.com\/wp-content\/uploads\/2026\/01\/20180804_113727-scaled.jpg","datePublished":"2015-06-06T10:38:29+00:00","dateModified":"2026-03-30T15:41:47+00:00","breadcrumb":{"@id":"https:\/\/www.eams-industrie.com\/eams-industrie\/recrutement\/#breadcrumb"},"inLanguage":"nl-NL","potentialAction":[{"@type":"ReadAction","target":["https:\/\/www.eams-industrie.com\/eams-industrie\/recrutement\/"]}]},{"@type":"ImageObject","inLanguage":"nl-NL","@id":"https:\/\/www.eams-industrie.com\/eams-industrie\/recrutement\/#primaryimage","url":"https:\/\/www.eams-industrie.com\/wp-content\/uploads\/2026\/01\/20180804_113727-scaled.jpg","contentUrl":"https:\/\/www.eams-industrie.com\/wp-content\/uploads\/2026\/01\/20180804_113727-scaled.jpg","width":2560,"height":1920},{"@type":"BreadcrumbList","@id":"https:\/\/www.eams-industrie.com\/eams-industrie\/recrutement\/#breadcrumb","itemListElement":[{"@type":"ListItem","position":1,"name":"Accueil","item":"https:\/\/www.eams-industrie.com\/"},{"@type":"ListItem","position":2,"name":"EAMS Industrie","item":"https:\/\/www.eams-industrie.com\/eams-industrie\/"},{"@type":"ListItem","position":3,"name":"Recrutement"}]},{"@type":"WebSite","@id":"https:\/\/www.eams-industrie.com\/#website","url":"https:\/\/www.eams-industrie.com\/","name":"EAMS Industrie","description":"Ontwerp en fabricage van apparatuur voor de agrovoedingssector en de industrie","publisher":{"@id":"https:\/\/www.eams-industrie.com\/#organization"},"potentialAction":[{"@type":"SearchAction","target":{"@type":"EntryPoint","urlTemplate":"https:\/\/www.eams-industrie.com\/?s={search_term_string}"},"query-input":{"@type":"PropertyValueSpecification","valueRequired":true,"valueName":"search_term_string"}}],"inLanguage":"nl-NL"},{"@type":"Organization","@id":"https:\/\/www.eams-industrie.com\/#organization","name":"EAMS Industrie","url":"https:\/\/www.eams-industrie.com\/","logo":{"@type":"ImageObject","inLanguage":"nl-NL","@id":"https:\/\/www.eams-industrie.com\/#\/schema\/logo\/image\/","url":"https:\/\/www.eams-industrie.com\/wp-content\/uploads\/2023\/01\/Logo-EAMS.svg","contentUrl":"https:\/\/www.eams-industrie.com\/wp-content\/uploads\/2023\/01\/Logo-EAMS.svg","width":149,"height":71,"caption":"EAMS Industrie"},"image":{"@id":"https:\/\/www.eams-industrie.com\/#\/schema\/logo\/image\/"}}]}},"_links":{"self":[{"href":"https:\/\/www.eams-industrie.com\/nl\/wp-json\/wp\/v2\/pages\/74448","targetHints":{"allow":["GET"]}}],"collection":[{"href":"https:\/\/www.eams-industrie.com\/nl\/wp-json\/wp\/v2\/pages"}],"about":[{"href":"https:\/\/www.eams-industrie.com\/nl\/wp-json\/wp\/v2\/types\/page"}],"author":[{"embeddable":true,"href":"https:\/\/www.eams-industrie.com\/nl\/wp-json\/wp\/v2\/users\/1"}],"replies":[{"embeddable":true,"href":"https:\/\/www.eams-industrie.com\/nl\/wp-json\/wp\/v2\/comments?post=74448"}],"version-history":[{"count":5,"href":"https:\/\/www.eams-industrie.com\/nl\/wp-json\/wp\/v2\/pages\/74448\/revisions"}],"predecessor-version":[{"id":80098,"href":"https:\/\/www.eams-industrie.com\/nl\/wp-json\/wp\/v2\/pages\/74448\/revisions\/80098"}],"up":[{"embeddable":true,"href":"https:\/\/www.eams-industrie.com\/nl\/wp-json\/wp\/v2\/pages\/61"}],"wp:featuredmedia":[{"embeddable":true,"href":"https:\/\/www.eams-industrie.com\/nl\/wp-json\/wp\/v2\/media\/78219"}],"wp:attachment":[{"href":"https:\/\/www.eams-industrie.com\/nl\/wp-json\/wp\/v2\/media?parent=74448"}],"curies":[{"name":"wp","href":"https:\/\/api.w.org\/{rel}","templated":true}]}}