{"id":75064,"date":"2016-11-26T20:18:19","date_gmt":"2016-11-26T19:18:19","guid":{"rendered":"http:\/\/eams.redmuffin.xyz\/?page_id=75064"},"modified":"2026-03-18T15:13:48","modified_gmt":"2026-03-18T14:13:48","slug":"juridische-informatie","status":"publish","type":"page","link":"https:\/\/www.eams-industrie.com\/nl\/mentions-legales\/","title":{"rendered":"Juridische informatie"},"content":{"rendered":"<div data-elementor-type=\"wp-page\" data-elementor-id=\"75064\" class=\"elementor elementor-75064\" data-elementor-post-type=\"page\">\n\t\t\t\t<div class=\"elementor-element elementor-element-e559c7b e-con-full elementor-container-cat-bg e-flex e-con e-parent\" data-id=\"e559c7b\" data-element_type=\"container\" data-e-type=\"container\" data-settings=\"{&quot;background_background&quot;:&quot;classic&quot;}\" data-bg=\"\">\n\t\t<div class=\"elementor-element elementor-element-878a36a e-flex e-con-boxed e-con e-child\" data-id=\"878a36a\" data-element_type=\"container\" data-e-type=\"container\">\n\t\t\t\t\t<div class=\"e-con-inner\">\n\t\t\t\t\t<\/div>\n\t\t\t\t<\/div>\n\t\t\t\t<\/div>\n\t\t<div class=\"elementor-element elementor-element-3eb8e80 e-flex e-con-boxed e-con e-parent\" data-id=\"3eb8e80\" data-element_type=\"container\" data-e-type=\"container\">\n\t\t\t\t\t<div class=\"e-con-inner\">\n\t\t\t\t<div class=\"elementor-element elementor-element-1d7e9db elementor-widget elementor-widget-text-editor\" data-id=\"1d7e9db\" data-element_type=\"widget\" data-e-type=\"widget\" data-widget_type=\"text-editor.default\">\n\t\t\t\t\t\t\t\t\t<h3><strong>1. Presentatie van de site :<\/strong><\/h3><p>In overeenstemming met de bepalingen van de artikelen 6-III en 19 van Wet nr. 2004-575 van 21 juni 2004 betreffende het vertrouwen in de digitale economie, bekend als de L.C.E.N., vestigen wij de aandacht van gebruikers en bezoekers van de site : <a href=\"https:\/\/www.eams-industrie.com\/nl\/\" target=\"_blank\" rel=\"noopener\">eams-industrie.com<\/a> de volgende informatie:<\/p><p style=\"text-align: justify;\"><strong>Juridische informatie : <\/strong><\/p><p style=\"text-align: justify;\">Status eigenaar : <strong>bedrijf<\/strong><br \/>Voorvoegsel : <strong>SARL<\/strong><br \/>Bedrijfsnaam :<strong> EAMS Industrie<\/strong><br \/>Adres: <strong>127 Kleine route van Rosporden 29000 Quimper<\/strong><br \/>Tel: <strong>+33 2 98 90 80 80<\/strong><br \/>Hoofdstad van :<strong> 80 000,00 \u20ac<\/strong><br \/>SIRET :\u00a0 <strong>41773929900010<br \/><\/strong>R.C.S. :<strong> 24-02-1998<\/strong><br \/>E-mailadres : <a href=\"mailto:contact@eams-industrie.com\"><strong>contact@eams-industrie.com<\/strong><\/a><\/p><p>De persoon die verantwoordelijk is voor de publicatie is : <strong>Gilbert Gourmelen<\/strong><br \/>Neem contact op met de publicatiemanager: <b>contact@eams-industrie.com<\/b><\/p><p>De webmaster is : <strong>Maxime Gourmelen<br \/><\/strong>Website :\u00a0<a href=\"http:\/\/maxgourmelen.com\">maxgourmelen.com<\/a><br \/>Neem contact op met de webmaster : <strong><a href=\"mailto:contact@maxgourmelen.com?subject=Contact \u00ef\u00bf\u00bd partir des mentions l\u00ef\u00bf\u00bdgales via le site eams-industrie.com\">contact@maxgourmelen.com<\/a><\/strong><br \/>De website host is : <strong>O2Switch, Frankrijk<\/strong><\/p><h3><strong>2. Beschrijving van de geleverde diensten :<\/strong><\/h3><p>De website <a href=\"https:\/\/www.eams-industrie.com\/nl\/\" target=\"_blank\" rel=\"noopener\">eams-industrie.com<\/a> is informatie verstrekken over alle activiteiten van het bedrijf.<br \/>De eigenaar van de site streeft ernaar om op de site het volgende aan te bieden <a href=\"https:\/\/www.eams-industrie.com\/nl\/\" target=\"_blank\" rel=\"noopener\">eams-industrie.com<\/a> informatie zo nauwkeurig mogelijk. De website kan echter niet verantwoordelijk worden gehouden voor eventuele omissies, onnauwkeurigheden of het niet bijwerken van de informatie, ongeacht of dit de schuld is van de website zelf of van externe partners die de informatie verstrekken.<br \/>Alle informatie op de site <a href=\"https:\/\/www.eams-industrie.com\/nl\/\" target=\"_blank\" rel=\"noopener\">eams-industrie.com<\/a> worden alleen ter informatie gegeven, zijn niet uitputtend en kunnen worden gewijzigd. Ze zijn onderhevig aan eventuele wijzigingen die zijn aangebracht sinds ze online zijn gezet.<\/p><h3 style=\"text-align: justify;\"><strong>3. Intellectuele eigendom en namaak :<\/strong><\/h3><p style=\"text-align: justify;\">De eigenaar van de site is de eigenaar van de intellectuele eigendomsrechten of heeft de gebruiksrechten van alle elementen die toegankelijk zijn op de site, met name de teksten, afbeeldingen, grafieken, logo's, pictogrammen, geluiden, software...<br \/>Elke reproductie, representatie, wijziging, publicatie, volledige of gedeeltelijke aanpassing van de elementen van de site, ongeacht de gebruikte middelen of het gebruikte proces, is verboden, tenzij voorafgaande schriftelijke toestemming aan de e-mail : <a href=\"mailto:contact@maxgourmelen.com?subject=Contact \u00ef\u00bf\u00bd partir des mentions l\u00ef\u00bf\u00bdgales via le site eams-industrie.com\"><strong>contact@maxgourmelen.com<\/strong><\/a>\u00a0.<br \/>Elk ongeoorloofd gebruik van de site of een van de elementen die deze bevat, zal worden beschouwd als een inbreuk en zal worden vervolgd in overeenstemming met de bepalingen van artikelen L.335-2 en volgende van de Franse wet op intellectueel eigendom.<\/p><h3 style=\"text-align: justify;\"><strong>4. Hyperlinks en cookies :<\/strong><\/h3><p>De website <a href=\"https:\/\/www.eams-industrie.com\/nl\/\" target=\"_blank\" rel=\"noopener\">eams-industrie.com<\/a> bevat een aantal hyperlinks naar andere sites (partners, informatie, enz.) die zijn opgezet met toestemming van de eigenaar van de site. De eigenaar van de site heeft echter niet de mogelijkheid om de inhoud van de sites die op deze manier worden bezocht te controleren en wijst daarom alle verantwoordelijkheid af voor eventuele risico's op ongeoorloofde inhoud.<\/p><p>Gebruikers worden ge\u00efnformeerd dat tijdens hun bezoek aan de site <a href=\"https:\/\/www.eams-industrie.com\/nl\/\" target=\"_blank\" rel=\"noopener\">eams-industrie.com<\/a>, In dat geval kunnen er automatisch een of meer cookies op de computer van de gebruiker worden ge\u00efnstalleerd. Een cookie is een klein bestand waarmee de gebruiker niet kan worden ge\u00efdentificeerd, maar dat informatie registreert over het surfen van een computer op een site. De op deze manier verkregen gegevens zijn bedoeld om latere bezoeken aan de site te vergemakkelijken en worden ook gebruikt om bezoekersaantallen te meten.<\/p><p>U kunt uw browser zo instellen dat u een melding krijgt wanneer u een cookie ontvangt en deze desgewenst kunt weigeren, zoals beschreven op het volgende adres: www.cnil.fr<br \/>Als de installatie van een cookie wordt geweigerd, kan het zijn dat bepaalde diensten niet toegankelijk zijn. Gebruikers kunnen hun computer echter als volgt configureren om de installatie van cookies te weigeren:<br \/>In Internet Explorer: tabblad Extra \/ Internetopties. Klik op Vertrouwelijkheid en kies Alle cookies blokkeren. Bevestig met Ok.<br \/>In Netscape: tabblad Bewerken\/Voorkeuren. Klik op Geavanceerd en kies Cookies deactiveren. Bevestig met Ok.<\/p><h3 style=\"text-align: justify;\"><strong>5. Bescherming van personen en eigendommen - beheer van persoonsgegevens :<\/strong><\/h3><p>Gebruiker: Internetgebruiker die inlogt op de bovengenoemde site en deze gebruikt: <a href=\"https:\/\/www.eams-industrie.com\/nl\/\" target=\"_blank\" rel=\"noopener\">eams-industrie.com<\/a><br \/>In Frankrijk worden persoonsgegevens beschermd door wet nr. 78-87 van 6 januari 1978, wet nr. 2004-801 van 6 augustus 2004, artikel L. 226-13 van het wetboek van strafrecht en de Europese richtlijn van 24 oktober 1995.<\/p><p style=\"text-align: justify;\">Op de website <a href=\"https:\/\/www.eams-industrie.com\/nl\/\" target=\"_blank\" rel=\"noopener\">eams-industrie.com<\/a>, De eigenaar van de site verzamelt alleen persoonlijke informatie over de gebruiker ten behoeve van bepaalde diensten die door de site worden aangeboden. <a href=\"https:\/\/www.eams-industrie.com\/nl\/\" target=\"_blank\" rel=\"noopener\">eams-industrie.com<\/a>. Gebruikers verstrekken deze informatie met volledige kennis van zaken, vooral wanneer ze deze zelf invoeren. De gebruiker van de <a href=\"https:\/\/www.eams-industrie.com\/nl\/\" target=\"_blank\" rel=\"noopener\">eams-industrie.com<\/a> de verplichting om deze informatie te verstrekken.<br \/>In overeenstemming met de bepalingen van artikel 38 en volgende van de Franse wet op de gegevensbescherming 78-17 van 6 januari 1978, heeft elke gebruiker het recht op toegang, rectificatie, verwijdering en verzet van alle persoonlijke gegevens die op hem betrekking hebben. Om dit recht uit te oefenen, stuurt u uw verzoek naar <a href=\"https:\/\/www.eams-industrie.com\/nl\/\" target=\"_blank\" rel=\"noopener\">eams-industrie.com<\/a> per e-mail: e-mail van de webmaster of door het sturen van een schriftelijke en ondertekende aanvraag, vergezeld van een kopie van het identiteitsbewijs met handtekening van de houder van het document, met vermelding van het adres waarnaar het antwoord moet worden gestuurd.<\/p><p style=\"text-align: justify;\">Geen persoonlijke informatie over de gebruiker van de <a href=\"https:\/\/www.eams-industrie.com\/nl\/\" target=\"_blank\" rel=\"noopener\">eams-industrie.com<\/a> zonder medeweten van de gebruiker wordt gepubliceerd, uitgewisseld, overgedragen, toegewezen of verkocht op welk medium dan ook aan derden. Alleen de veronderstelling van de aankoop van de site <a href=\"https:\/\/www.eams-industrie.com\/nl\/\" target=\"_blank\" rel=\"noopener\">eams-industrie.com<\/a> aan de eigenaar van de site en zijn rechten zou de overdracht van de genoemde informatie aan de mogelijke koper mogelijk maken, die op zijn beurt zou worden gehouden aan dezelfde verplichting van bewaring en wijziging van de gegevens met betrekking tot de gebruiker van de site. <a href=\"https:\/\/www.eams-industrie.com\/nl\/\" target=\"_blank\" rel=\"noopener\">eams-industrie.com<\/a>.<\/p><p style=\"text-align: justify;\">De eams-industrie.com website voldoet aan de RGPD zie ons RGPD beleid\u00a0 <a href=\"https:\/\/www.eams-industrie.com\/nl\/rgpd-2\/\">eams-industrie.com\/rgpd.<\/a><\/p><p style=\"text-align: justify;\">Databanken worden beschermd door de bepalingen van de wet van 1 juli 1998 tot omzetting van Richtlijn 96\/9 van 11 maart 1996 betreffende de rechtsbescherming van databanken.<\/p>\t\t\t\t\t\t\t\t<\/div>\n\t\t\t\t\t<\/div>\n\t\t\t\t<\/div>\n\t\t\t\t<\/div>","protected":false},"excerpt":{"rendered":"<p>1. Pr\u00e9sentation du site : Conform\u00e9ment aux dispositions des articles 6-III et 19 de la Loi n\u00b0 2004-575 du 21 juin 2004 pour la Confiance dans l&rsquo;\u00e9conomie num\u00e9rique, dite L.C.E.N., nous portons \u00e0 la connaissance des utilisateurs et visiteurs du site : eams-industrie.com les informations suivantes : Informations l\u00e9gales : Statut du propri\u00e9taire : societePr\u00e9fixe [&hellip;]<\/p>\n","protected":false},"author":1,"featured_media":79418,"parent":0,"menu_order":0,"comment_status":"closed","ping_status":"closed","template":"elementor_header_footer","meta":{"_acf_changed":false,"iawp_total_views":13,"footnotes":""},"class_list":["post-75064","page","type-page","status-publish","has-post-thumbnail","hentry"],"acf":[],"yoast_head":"<!-- This site is optimized with the Yoast SEO plugin v27.4 - https:\/\/yoast.com\/product\/yoast-seo-wordpress\/ -->\n<title>Mentions l\u00e9gales - EAMS Industrie<\/title>\n<meta name=\"robots\" content=\"noindex, nofollow\" \/>\n<meta property=\"og:locale\" content=\"nl_NL\" \/>\n<meta property=\"og:type\" content=\"article\" \/>\n<meta property=\"og:title\" content=\"Mentions l\u00e9gales - EAMS Industrie\" \/>\n<meta property=\"og:description\" content=\"1. Pr\u00e9sentation du site : Conform\u00e9ment aux dispositions des articles 6-III et 19 de la Loi n\u00b0 2004-575 du 21 juin 2004 pour la Confiance dans l&rsquo;\u00e9conomie num\u00e9rique, dite L.C.E.N., nous portons \u00e0 la connaissance des utilisateurs et visiteurs du site : eams-industrie.com les informations suivantes : Informations l\u00e9gales : Statut du propri\u00e9taire : societePr\u00e9fixe [&hellip;]\" \/>\n<meta property=\"og:url\" content=\"https:\/\/www.eams-industrie.com\/nl\/juridische-informatie\/\" \/>\n<meta property=\"og:site_name\" content=\"EAMS Industrie\" \/>\n<meta property=\"article:modified_time\" content=\"2026-03-18T14:13:48+00:00\" \/>\n<meta property=\"og:image\" content=\"https:\/\/www.eams-industrie.com\/wp-content\/uploads\/2026\/03\/EAMS-Industrie-2.jpg\" \/>\n\t<meta property=\"og:image:width\" content=\"1440\" \/>\n\t<meta property=\"og:image:height\" content=\"635\" \/>\n\t<meta property=\"og:image:type\" content=\"image\/jpeg\" \/>\n<meta name=\"twitter:card\" content=\"summary_large_image\" \/>\n<meta name=\"twitter:label1\" content=\"Geschatte leestijd\" \/>\n\t<meta name=\"twitter:data1\" content=\"5 minuten\" \/>\n<script type=\"application\/ld+json\" class=\"yoast-schema-graph\">{\"@context\":\"https:\\\/\\\/schema.org\",\"@graph\":[{\"@type\":\"WebPage\",\"@id\":\"https:\\\/\\\/www.eams-industrie.com\\\/mentions-legales\\\/\",\"url\":\"https:\\\/\\\/www.eams-industrie.com\\\/mentions-legales\\\/\",\"name\":\"Mentions l\u00e9gales - EAMS Industrie\",\"isPartOf\":{\"@id\":\"https:\\\/\\\/www.eams-industrie.com\\\/#website\"},\"primaryImageOfPage\":{\"@id\":\"https:\\\/\\\/www.eams-industrie.com\\\/mentions-legales\\\/#primaryimage\"},\"image\":{\"@id\":\"https:\\\/\\\/www.eams-industrie.com\\\/mentions-legales\\\/#primaryimage\"},\"thumbnailUrl\":\"https:\\\/\\\/www.eams-industrie.com\\\/wp-content\\\/uploads\\\/2026\\\/03\\\/EAMS-Industrie-2.jpg\",\"datePublished\":\"2016-11-26T19:18:19+00:00\",\"dateModified\":\"2026-03-18T14:13:48+00:00\",\"breadcrumb\":{\"@id\":\"https:\\\/\\\/www.eams-industrie.com\\\/mentions-legales\\\/#breadcrumb\"},\"inLanguage\":\"nl-NL\",\"potentialAction\":[{\"@type\":\"ReadAction\",\"target\":[\"https:\\\/\\\/www.eams-industrie.com\\\/mentions-legales\\\/\"]}]},{\"@type\":\"ImageObject\",\"inLanguage\":\"nl-NL\",\"@id\":\"https:\\\/\\\/www.eams-industrie.com\\\/mentions-legales\\\/#primaryimage\",\"url\":\"https:\\\/\\\/www.eams-industrie.com\\\/wp-content\\\/uploads\\\/2026\\\/03\\\/EAMS-Industrie-2.jpg\",\"contentUrl\":\"https:\\\/\\\/www.eams-industrie.com\\\/wp-content\\\/uploads\\\/2026\\\/03\\\/EAMS-Industrie-2.jpg\",\"width\":1440,\"height\":635},{\"@type\":\"BreadcrumbList\",\"@id\":\"https:\\\/\\\/www.eams-industrie.com\\\/mentions-legales\\\/#breadcrumb\",\"itemListElement\":[{\"@type\":\"ListItem\",\"position\":1,\"name\":\"Accueil\",\"item\":\"https:\\\/\\\/www.eams-industrie.com\\\/\"},{\"@type\":\"ListItem\",\"position\":2,\"name\":\"Mentions l\u00e9gales\"}]},{\"@type\":\"WebSite\",\"@id\":\"https:\\\/\\\/www.eams-industrie.com\\\/#website\",\"url\":\"https:\\\/\\\/www.eams-industrie.com\\\/\",\"name\":\"EAMS Industrie\",\"description\":\"Conception et fabrication d\u2019\u00e9quipements pour l\u2019agroalimentaire et l\u2019industrie\",\"publisher\":{\"@id\":\"https:\\\/\\\/www.eams-industrie.com\\\/#organization\"},\"potentialAction\":[{\"@type\":\"SearchAction\",\"target\":{\"@type\":\"EntryPoint\",\"urlTemplate\":\"https:\\\/\\\/www.eams-industrie.com\\\/?s={search_term_string}\"},\"query-input\":{\"@type\":\"PropertyValueSpecification\",\"valueRequired\":true,\"valueName\":\"search_term_string\"}}],\"inLanguage\":\"nl-NL\"},{\"@type\":\"Organization\",\"@id\":\"https:\\\/\\\/www.eams-industrie.com\\\/#organization\",\"name\":\"EAMS Industrie\",\"url\":\"https:\\\/\\\/www.eams-industrie.com\\\/\",\"logo\":{\"@type\":\"ImageObject\",\"inLanguage\":\"nl-NL\",\"@id\":\"https:\\\/\\\/www.eams-industrie.com\\\/#\\\/schema\\\/logo\\\/image\\\/\",\"url\":\"https:\\\/\\\/www.eams-industrie.com\\\/wp-content\\\/uploads\\\/2023\\\/01\\\/Logo-EAMS.svg\",\"contentUrl\":\"https:\\\/\\\/www.eams-industrie.com\\\/wp-content\\\/uploads\\\/2023\\\/01\\\/Logo-EAMS.svg\",\"width\":149,\"height\":71,\"caption\":\"EAMS Industrie\"},\"image\":{\"@id\":\"https:\\\/\\\/www.eams-industrie.com\\\/#\\\/schema\\\/logo\\\/image\\\/\"}}]}<\/script>\n<!-- \/ Yoast SEO plugin. -->","yoast_head_json":{"title":"Wettelijke vermeldingen - EAMS Industrie","robots":{"index":"noindex","follow":"nofollow"},"og_locale":"nl_NL","og_type":"article","og_title":"Mentions l\u00e9gales - EAMS Industrie","og_description":"1. Pr\u00e9sentation du site : Conform\u00e9ment aux dispositions des articles 6-III et 19 de la Loi n\u00b0 2004-575 du 21 juin 2004 pour la Confiance dans l&rsquo;\u00e9conomie num\u00e9rique, dite L.C.E.N., nous portons \u00e0 la connaissance des utilisateurs et visiteurs du site : eams-industrie.com les informations suivantes : Informations l\u00e9gales : Statut du propri\u00e9taire : societePr\u00e9fixe [&hellip;]","og_url":"https:\/\/www.eams-industrie.com\/nl\/juridische-informatie\/","og_site_name":"EAMS Industrie","article_modified_time":"2026-03-18T14:13:48+00:00","og_image":[{"width":1440,"height":635,"url":"https:\/\/www.eams-industrie.com\/wp-content\/uploads\/2026\/03\/EAMS-Industrie-2.jpg","type":"image\/jpeg"}],"twitter_card":"summary_large_image","twitter_misc":{"Geschatte leestijd":"5 minuten"},"schema":{"@context":"https:\/\/schema.org","@graph":[{"@type":"WebPage","@id":"https:\/\/www.eams-industrie.com\/mentions-legales\/","url":"https:\/\/www.eams-industrie.com\/mentions-legales\/","name":"Wettelijke vermeldingen - EAMS Industrie","isPartOf":{"@id":"https:\/\/www.eams-industrie.com\/#website"},"primaryImageOfPage":{"@id":"https:\/\/www.eams-industrie.com\/mentions-legales\/#primaryimage"},"image":{"@id":"https:\/\/www.eams-industrie.com\/mentions-legales\/#primaryimage"},"thumbnailUrl":"https:\/\/www.eams-industrie.com\/wp-content\/uploads\/2026\/03\/EAMS-Industrie-2.jpg","datePublished":"2016-11-26T19:18:19+00:00","dateModified":"2026-03-18T14:13:48+00:00","breadcrumb":{"@id":"https:\/\/www.eams-industrie.com\/mentions-legales\/#breadcrumb"},"inLanguage":"nl-NL","potentialAction":[{"@type":"ReadAction","target":["https:\/\/www.eams-industrie.com\/mentions-legales\/"]}]},{"@type":"ImageObject","inLanguage":"nl-NL","@id":"https:\/\/www.eams-industrie.com\/mentions-legales\/#primaryimage","url":"https:\/\/www.eams-industrie.com\/wp-content\/uploads\/2026\/03\/EAMS-Industrie-2.jpg","contentUrl":"https:\/\/www.eams-industrie.com\/wp-content\/uploads\/2026\/03\/EAMS-Industrie-2.jpg","width":1440,"height":635},{"@type":"BreadcrumbList","@id":"https:\/\/www.eams-industrie.com\/mentions-legales\/#breadcrumb","itemListElement":[{"@type":"ListItem","position":1,"name":"Accueil","item":"https:\/\/www.eams-industrie.com\/"},{"@type":"ListItem","position":2,"name":"Mentions l\u00e9gales"}]},{"@type":"WebSite","@id":"https:\/\/www.eams-industrie.com\/#website","url":"https:\/\/www.eams-industrie.com\/","name":"EAMS Industrie","description":"Ontwerp en fabricage van apparatuur voor de agrovoedingssector en de industrie","publisher":{"@id":"https:\/\/www.eams-industrie.com\/#organization"},"potentialAction":[{"@type":"SearchAction","target":{"@type":"EntryPoint","urlTemplate":"https:\/\/www.eams-industrie.com\/?s={search_term_string}"},"query-input":{"@type":"PropertyValueSpecification","valueRequired":true,"valueName":"search_term_string"}}],"inLanguage":"nl-NL"},{"@type":"Organization","@id":"https:\/\/www.eams-industrie.com\/#organization","name":"EAMS Industrie","url":"https:\/\/www.eams-industrie.com\/","logo":{"@type":"ImageObject","inLanguage":"nl-NL","@id":"https:\/\/www.eams-industrie.com\/#\/schema\/logo\/image\/","url":"https:\/\/www.eams-industrie.com\/wp-content\/uploads\/2023\/01\/Logo-EAMS.svg","contentUrl":"https:\/\/www.eams-industrie.com\/wp-content\/uploads\/2023\/01\/Logo-EAMS.svg","width":149,"height":71,"caption":"EAMS Industrie"},"image":{"@id":"https:\/\/www.eams-industrie.com\/#\/schema\/logo\/image\/"}}]}},"_links":{"self":[{"href":"https:\/\/www.eams-industrie.com\/nl\/wp-json\/wp\/v2\/pages\/75064","targetHints":{"allow":["GET"]}}],"collection":[{"href":"https:\/\/www.eams-industrie.com\/nl\/wp-json\/wp\/v2\/pages"}],"about":[{"href":"https:\/\/www.eams-industrie.com\/nl\/wp-json\/wp\/v2\/types\/page"}],"author":[{"embeddable":true,"href":"https:\/\/www.eams-industrie.com\/nl\/wp-json\/wp\/v2\/users\/1"}],"replies":[{"embeddable":true,"href":"https:\/\/www.eams-industrie.com\/nl\/wp-json\/wp\/v2\/comments?post=75064"}],"version-history":[{"count":5,"href":"https:\/\/www.eams-industrie.com\/nl\/wp-json\/wp\/v2\/pages\/75064\/revisions"}],"predecessor-version":[{"id":80013,"href":"https:\/\/www.eams-industrie.com\/nl\/wp-json\/wp\/v2\/pages\/75064\/revisions\/80013"}],"wp:featuredmedia":[{"embeddable":true,"href":"https:\/\/www.eams-industrie.com\/nl\/wp-json\/wp\/v2\/media\/79418"}],"wp:attachment":[{"href":"https:\/\/www.eams-industrie.com\/nl\/wp-json\/wp\/v2\/media?parent=75064"}],"curies":[{"name":"wp","href":"https:\/\/api.w.org\/{rel}","templated":true}]}}