{"id":75064,"date":"2016-11-26T20:18:19","date_gmt":"2016-11-26T19:18:19","guid":{"rendered":"http:\/\/eams.redmuffin.xyz\/?page_id=75064"},"modified":"2026-03-18T15:13:48","modified_gmt":"2026-03-18T14:13:48","slug":"informacje-prawne","status":"publish","type":"page","link":"https:\/\/www.eams-industrie.com\/pl\/mentions-legales\/","title":{"rendered":"Informacje prawne"},"content":{"rendered":"<div data-elementor-type=\"wp-page\" data-elementor-id=\"75064\" class=\"elementor elementor-75064\" data-elementor-post-type=\"page\">\n\t\t\t\t<div class=\"elementor-element elementor-element-e559c7b e-con-full elementor-container-cat-bg e-flex e-con e-parent\" data-id=\"e559c7b\" data-element_type=\"container\" data-e-type=\"container\" data-settings=\"{&quot;background_background&quot;:&quot;classic&quot;}\" data-bg=\"\">\n\t\t<div class=\"elementor-element elementor-element-878a36a e-flex e-con-boxed e-con e-child\" data-id=\"878a36a\" data-element_type=\"container\" data-e-type=\"container\">\n\t\t\t\t\t<div class=\"e-con-inner\">\n\t\t\t\t\t<\/div>\n\t\t\t\t<\/div>\n\t\t\t\t<\/div>\n\t\t<div class=\"elementor-element elementor-element-3eb8e80 e-flex e-con-boxed e-con e-parent\" data-id=\"3eb8e80\" data-element_type=\"container\" data-e-type=\"container\">\n\t\t\t\t\t<div class=\"e-con-inner\">\n\t\t\t\t<div class=\"elementor-element elementor-element-1d7e9db elementor-widget elementor-widget-text-editor\" data-id=\"1d7e9db\" data-element_type=\"widget\" data-e-type=\"widget\" data-widget_type=\"text-editor.default\">\n\t\t\t\t\t\t\t\t\t<h3><strong>1. Prezentacja witryny:<\/strong><\/h3><p>Zgodnie z przepisami art. 6-III i 19 ustawy nr 2004-575 z dnia 21 czerwca 2004 r. o zaufaniu do gospodarki cyfrowej, zwanej L.C.E.N., informujemy u\u017cytkownik\u00f3w i odwiedzaj\u0105cych stron\u0119: <a href=\"https:\/\/www.eams-industrie.com\/pl\/\" target=\"_blank\" rel=\"noopener\">eams-industrie.com<\/a> nast\u0119puj\u0105ce informacje:<\/p><p style=\"text-align: justify;\"><strong>Informacje prawne: <\/strong><\/p><p style=\"text-align: justify;\">Status w\u0142asiciela: <strong>towarzystwo<\/strong><br \/>Prefiks: <strong>Sp. z o.o.<\/strong><br \/>Nazwa firmy:<strong> EAMS Industrie<\/strong><br \/>Adres: <strong>127 Stara droga Rosporden 29000 Quimper<\/strong><br \/>Tel: <strong>+33 2 98 90 80 80<\/strong><br \/>Do Kapita\u0142u<strong> 80 000,00 \u20ac<\/strong><br \/>SIRET:\u00a0 <strong>41773929900010<br \/><\/strong>R.C.S. :<strong> 24-02-1998<\/strong><br \/>Adres e-mail: <a href=\"mailto:contact@eams-industrie.com\"><strong>contact@eams-industrie.com<\/strong><\/a><\/p><p>Redaktorem naczelnym jest: <strong>Gilbert Gourmelen<\/strong><br \/>Skontaktuj si\u0119 z wydawc\u0105: <b>contact@eams-industrie.com<\/b><\/p><p>Webmasterem jest: <strong>Maxime Gourmelen<br \/><\/strong>Strona internetowa:\u00a0<a href=\"http:\/\/maxgourmelen.com\">maxgourmelen.com<\/a><br \/>Skontaktuj si\u0119 z administratorem strony: <strong><a href=\"mailto:contact@maxgourmelen.com?subject=Contact \u00ef\u00bf\u00bd partir des mentions l\u00ef\u00bf\u00bdgales via le site eams-industrie.com\">contact@maxgourmelen.com<\/a><\/strong><br \/>Hostem strony jest: <strong>O2Switch, Francja<\/strong><\/p><h3><strong>2. Opis \u015bwiadczonych us\u0142ug:<\/strong><\/h3><p>Strona <a href=\"https:\/\/www.eams-industrie.com\/pl\/\" target=\"_blank\" rel=\"noopener\">eams-industrie.com<\/a> ma celu dostarczenie informacji dotycz\u0105cych wszystkich dzia\u0142a\u0144 sp\u00f3\u0142ki.<br \/>W\u0142a\u015bciciel strony stara si\u0119 udost\u0119pnia\u0107 na stronie <a href=\"https:\/\/www.eams-industrie.com\/pl\/\" target=\"_blank\" rel=\"noopener\">eams-industrie.com<\/a> jak najdok\u0142adniejsze informacje. Nie ponosi jednak odpowiedzialno\u015bci za pomini\u0119cia, nie\u015bcis\u0142o\u015bci i b\u0142\u0119dy w aktualizacji, niezale\u017cnie od tego, czy wynikaj\u0105 one z jego w\u0142asnych dzia\u0142a\u0144, czy dzia\u0142a\u0144 stron trzecich, kt\u00f3re dostarczaj\u0105 mu tych informacji.<br \/>Wszystkie informacje oferowane na stronie <a href=\"https:\/\/www.eams-industrie.com\/pl\/\" target=\"_blank\" rel=\"noopener\">eams-industrie.com<\/a> s\u0105 podane w celach informacyjnych, nie s\u0105 wyczerpuj\u0105ce i mog\u0105 ulec zmianie. Podano je z zastrze\u017ceniem zmian wprowadzonych od czasu ich publikacji.<\/p><h3 style=\"text-align: justify;\"><strong>3. W\u0142asno\u015b\u0107 intelektualna i podrabianie:<\/strong><\/h3><p style=\"text-align: justify;\">W\u0142a\u015bcicielem strony jest w\u0142a\u015bcicielem praw w\u0142asno\u015bci intelektualnej lub posiada prawa do u\u017cytkowania wszystkich element\u00f3w dost\u0119pnych na stronie internetowej, w szczeg\u00f3lno\u015bci tekst\u00f3w, obraz\u00f3w, grafik, logo, ikon, d\u017awi\u0119k\u00f3w, oprogramowania...<br \/>Wszelkie powielanie, przedstawianie, modyfikowanie, publikowanie, ca\u0142kowite lub cz\u0119\u015bciowe adaptowanie element\u00f3w strony, bez wzgl\u0119du na u\u017cyte \u015brodki lub procesy, jest zabronione, chyba \u017ce na podstawie wcze\u015bniejszego pisemnego zezwolenia wys\u0142anego na adres e-mail: <a href=\"mailto:contact@maxgourmelen.com?subject=Contact \u00ef\u00bf\u00bd partir des mentions l\u00ef\u00bf\u00bdgales via le site eams-industrie.com\"><strong>contact@maxgourmelen.com<\/strong><\/a>\u00a0.<br \/>Wszelkie nieautoryzowane wykorzystanie strony internetowej lub kt\u00f3regokolwiek z jej element\u00f3w b\u0119dzie uwa\u017cane za naruszenie i b\u0119dzie \u015bcigane zgodnie z przepisami artyku\u0142\u00f3w L.335-2 i nast. Kodeksu W\u0142asno\u015bci Intelektualnej.<\/p><h3 style=\"text-align: justify;\"><strong>4. Hiper\u0142\u0105cza i pliki cookie:<\/strong><\/h3><p>Strona <a href=\"https:\/\/www.eams-industrie.com\/pl\/\" target=\"_blank\" rel=\"noopener\">eams-industrie.com<\/a> zawiera pewn\u0105 liczb\u0119 link\u00f3w hipertekstowych do innych stron (partner\u00f3w, informacji\u2026), umieszczonych za zgod\u0105 w\u0142a\u015bciciela strony. Jednak\u017ce w\u0142a\u015bciciel strony nie ma mo\u017cliwo\u015bci weryfikacji tre\u015bci odwiedzanych stron i z tego tytu\u0142u zrzeka si\u0119 wszelkiej odpowiedzialno\u015bci za ewentualne ryzyko zwi\u0105zane z nielegalnymi tre\u015bciami.<\/p><p>U\u017cytkownik jest informowany, \u017ce podczas wizyt na stronie <a href=\"https:\/\/www.eams-industrie.com\/pl\/\" target=\"_blank\" rel=\"noopener\">eams-industrie.com<\/a>, jeden lub kilka plik\u00f3w cookie mo\u017ce zosta\u0107 automatycznie zainstalowanych na jego komputerze. Plik cookie to ma\u0142y plik, kt\u00f3ry nie pozwala na identyfikacj\u0119 u\u017cytkownika, ale rejestruje informacje dotycz\u0105ce nawigacji komputera po stronie internetowej. Uzyskane w ten spos\u00f3b dane maj\u0105 na celu u\u0142atwienie dalszej nawigacji po stronie, a tak\u017ce umo\u017cliwienie r\u00f3\u017cnych pomiar\u00f3w ruchu.<\/p><p>Konfiguracja oprogramowania nawigacyjnego umo\u017cliwia informowanie o obecno\u015bci plik\u00f3w cookie i ewentualne odrzucenie w spos\u00f3b opisany na stronie: www.cnil.fr<br \/>Odmowa zainstalowania pliku cookie mo\u017ce uniemo\u017cliwi\u0107 dost\u0119p do niekt\u00f3rych us\u0142ug. U\u017cytkownik mo\u017ce jednak skonfigurowa\u0107 sw\u00f3j komputer w nast\u0119puj\u0105cy spos\u00f3b, aby odm\u00f3wi\u0107 zainstalowania plik\u00f3w cookie:<br \/>W przegl\u0105darce Internet Explorer: zak\u0142adka Narz\u0119dzia \/ Opcje internetowe. Kliknij Prywatno\u015b\u0107 i wybierz Blokuj wszystkie pliki cookie. Potwierd\u017a przyciskiem OK.<br \/>W Netscape: zak\u0142adka edycja \/ preferencje. Kliknij na Zaawansowane i wybierz Wy\u0142\u0105cz pliki cookie. Zatwierd\u017a przyciskiem Ok.<\/p><h3 style=\"text-align: justify;\"><strong>5. Ochrona mienia i os\u00f3b \u2013 zarz\u0105dzanie danymi osobowymi:<\/strong><\/h3><p>U\u017cytkownik: Internauta \u0142\u0105cz\u0105cy si\u0119, korzystaj\u0105cy z wy\u017cej wymienionej strony: <a href=\"https:\/\/www.eams-industrie.com\/pl\/\" target=\"_blank\" rel=\"noopener\">eams-industrie.com<\/a><br \/>We Francji dane osobowe s\u0105 chronione mi\u0119dzy innymi przez ustaw\u0119 nr 78-87 z dnia 6 stycznia 1978 r., ustaw\u0119 nr 2004-801 z dnia 6 sierpnia 2004 r., artyku\u0142 L. 226-13 Kodeksu karnego oraz Dyrektyw\u0119 Europejsk\u0105 z dnia 24 pa\u017adziernika 1995 r.<\/p><p style=\"text-align: justify;\">Na stronie <a href=\"https:\/\/www.eams-industrie.com\/pl\/\" target=\"_blank\" rel=\"noopener\">eams-industrie.com<\/a>, w\u0142a\u015bciciel strony zbiera dane osobowe u\u017cytkownika wy\u0142\u0105cznie do cel\u00f3w \u015bwiadczenia okre\u015blonych us\u0142ug oferowanych przez stron\u0119 <a href=\"https:\/\/www.eams-industrie.com\/pl\/\" target=\"_blank\" rel=\"noopener\">eams-industrie.com<\/a>. U\u017cytkownik podaje te informacje w pe\u0142ni \u015bwiadomie, zw\u0142aszcza gdy samodzielnie je wprowadza. U\u017cytkownikowi strony internetowej zwraca si\u0119 w\u00f3wczas uwag\u0119 <a href=\"https:\/\/www.eams-industrie.com\/pl\/\" target=\"_blank\" rel=\"noopener\">eams-industrie.com<\/a> obowi\u0105zek lub jego brak dostarczenia tych informacji.<br \/>Zgodnie z postanowieniami artyku\u0142\u00f3w 38 i nast\u0119pnych ustawy nr 78-17 z dnia 6 stycznia 1978 r. dotycz\u0105cej informatyki, plik\u00f3w i wolno\u015bci, ka\u017cdy u\u017cytkownik ma prawo dost\u0119pu, poprawiania, usuwania i sprzeciwu wobec danych osobowych, kt\u00f3rych dotyczy. Aby z niego skorzysta\u0107, nale\u017cy skierowa\u0107 pro\u015bb\u0119 do <a href=\"https:\/\/www.eams-industrie.com\/pl\/\" target=\"_blank\" rel=\"noopener\">eams-industrie.com<\/a> drog\u0105 mailow\u0105: email do webmastera lub poprzez z\u0142o\u017cenie pisemnego wniosku opatrzonego podpisem, wraz z kopi\u0105 dokumentu to\u017csamo\u015bci z podpisem jego posiadacza, podaj\u0105c adres, na kt\u00f3ry ma zosta\u0107 wys\u0142ana odpowied\u017a.<\/p><p style=\"text-align: justify;\">\u017badne dane osobowe u\u017cytkownika strony internetowej <a href=\"https:\/\/www.eams-industrie.com\/pl\/\" target=\"_blank\" rel=\"noopener\">eams-industrie.com<\/a> nie jest publikowana bez wiedzy u\u017cytkownika, wymieniana, przenoszona, cedowana ani sprzedawana na jakimkolwiek no\u015bniku osobom trzecim. Jedynym za\u0142o\u017ceniem wykupu strony <a href=\"https:\/\/www.eams-industrie.com\/pl\/\" target=\"_blank\" rel=\"noopener\">eams-industrie.com<\/a> w\u0142a\u015bciciel strony i jej praw pozwoli\u0142by na przekazanie tych informacji potencjalnemu nabywcy, kt\u00f3ry z kolei by\u0142by zobowi\u0105zany do tego samego obowi\u0105zku przechowywania i modyfikacji danych wobec u\u017cytkownika strony <a href=\"https:\/\/www.eams-industrie.com\/pl\/\" target=\"_blank\" rel=\"noopener\">eams-industrie.com<\/a>.<\/p><p style=\"text-align: justify;\">Witryna eams-industrie.com jest zgodna z RODO, zobacz nasz\u0105 polityk\u0119 RODO\u00a0 <a href=\"https:\/\/www.eams-industrie.com\/pl\/rodo\/\">eams-industrie.com\/rgpd.<\/a><\/p><p style=\"text-align: justify;\">Bazy danych s\u0105 chronione na mocy ustawy z dnia 1 lipca 1998 r. implementuj\u0105cej dyrektyw\u0119 96\/9 z dnia 11 marca 1996 r. w sprawie ochrony prawnej baz danych.<\/p>\t\t\t\t\t\t\t\t<\/div>\n\t\t\t\t\t<\/div>\n\t\t\t\t<\/div>\n\t\t\t\t<\/div>","protected":false},"excerpt":{"rendered":"<p>1. Pr\u00e9sentation du site : Conform\u00e9ment aux dispositions des articles 6-III et 19 de la Loi n\u00b0 2004-575 du 21 juin 2004 pour la Confiance dans l&rsquo;\u00e9conomie num\u00e9rique, dite L.C.E.N., nous portons \u00e0 la connaissance des utilisateurs et visiteurs du site : eams-industrie.com les informations suivantes : Informations l\u00e9gales : Statut du propri\u00e9taire : societePr\u00e9fixe [&hellip;]<\/p>\n","protected":false},"author":1,"featured_media":79418,"parent":0,"menu_order":0,"comment_status":"closed","ping_status":"closed","template":"elementor_header_footer","meta":{"_acf_changed":false,"iawp_total_views":13,"footnotes":""},"class_list":["post-75064","page","type-page","status-publish","has-post-thumbnail","hentry"],"acf":[],"yoast_head":"<!-- This site is optimized with the Yoast SEO plugin v27.4 - https:\/\/yoast.com\/product\/yoast-seo-wordpress\/ -->\n<title>Mentions l\u00e9gales - EAMS Industrie<\/title>\n<meta name=\"robots\" content=\"noindex, nofollow\" \/>\n<meta property=\"og:locale\" content=\"pl_PL\" \/>\n<meta property=\"og:type\" content=\"article\" \/>\n<meta property=\"og:title\" content=\"Mentions l\u00e9gales - EAMS Industrie\" \/>\n<meta property=\"og:description\" content=\"1. Pr\u00e9sentation du site : Conform\u00e9ment aux dispositions des articles 6-III et 19 de la Loi n\u00b0 2004-575 du 21 juin 2004 pour la Confiance dans l&rsquo;\u00e9conomie num\u00e9rique, dite L.C.E.N., nous portons \u00e0 la connaissance des utilisateurs et visiteurs du site : eams-industrie.com les informations suivantes : Informations l\u00e9gales : Statut du propri\u00e9taire : societePr\u00e9fixe [&hellip;]\" \/>\n<meta property=\"og:url\" content=\"https:\/\/www.eams-industrie.com\/pl\/informacje-prawne\/\" \/>\n<meta property=\"og:site_name\" content=\"EAMS Industrie\" \/>\n<meta property=\"article:modified_time\" content=\"2026-03-18T14:13:48+00:00\" \/>\n<meta property=\"og:image\" content=\"https:\/\/www.eams-industrie.com\/wp-content\/uploads\/2026\/03\/EAMS-Industrie-2.jpg\" \/>\n\t<meta property=\"og:image:width\" content=\"1440\" \/>\n\t<meta property=\"og:image:height\" content=\"635\" \/>\n\t<meta property=\"og:image:type\" content=\"image\/jpeg\" \/>\n<meta name=\"twitter:card\" content=\"summary_large_image\" \/>\n<meta name=\"twitter:label1\" content=\"Szacowany czas czytania\" \/>\n\t<meta name=\"twitter:data1\" content=\"5 minut\" \/>\n<script type=\"application\/ld+json\" class=\"yoast-schema-graph\">{\"@context\":\"https:\\\/\\\/schema.org\",\"@graph\":[{\"@type\":\"WebPage\",\"@id\":\"https:\\\/\\\/www.eams-industrie.com\\\/mentions-legales\\\/\",\"url\":\"https:\\\/\\\/www.eams-industrie.com\\\/mentions-legales\\\/\",\"name\":\"Mentions l\u00e9gales - EAMS Industrie\",\"isPartOf\":{\"@id\":\"https:\\\/\\\/www.eams-industrie.com\\\/#website\"},\"primaryImageOfPage\":{\"@id\":\"https:\\\/\\\/www.eams-industrie.com\\\/mentions-legales\\\/#primaryimage\"},\"image\":{\"@id\":\"https:\\\/\\\/www.eams-industrie.com\\\/mentions-legales\\\/#primaryimage\"},\"thumbnailUrl\":\"https:\\\/\\\/www.eams-industrie.com\\\/wp-content\\\/uploads\\\/2026\\\/03\\\/EAMS-Industrie-2.jpg\",\"datePublished\":\"2016-11-26T19:18:19+00:00\",\"dateModified\":\"2026-03-18T14:13:48+00:00\",\"breadcrumb\":{\"@id\":\"https:\\\/\\\/www.eams-industrie.com\\\/mentions-legales\\\/#breadcrumb\"},\"inLanguage\":\"pl-PL\",\"potentialAction\":[{\"@type\":\"ReadAction\",\"target\":[\"https:\\\/\\\/www.eams-industrie.com\\\/mentions-legales\\\/\"]}]},{\"@type\":\"ImageObject\",\"inLanguage\":\"pl-PL\",\"@id\":\"https:\\\/\\\/www.eams-industrie.com\\\/mentions-legales\\\/#primaryimage\",\"url\":\"https:\\\/\\\/www.eams-industrie.com\\\/wp-content\\\/uploads\\\/2026\\\/03\\\/EAMS-Industrie-2.jpg\",\"contentUrl\":\"https:\\\/\\\/www.eams-industrie.com\\\/wp-content\\\/uploads\\\/2026\\\/03\\\/EAMS-Industrie-2.jpg\",\"width\":1440,\"height\":635},{\"@type\":\"BreadcrumbList\",\"@id\":\"https:\\\/\\\/www.eams-industrie.com\\\/mentions-legales\\\/#breadcrumb\",\"itemListElement\":[{\"@type\":\"ListItem\",\"position\":1,\"name\":\"Accueil\",\"item\":\"https:\\\/\\\/www.eams-industrie.com\\\/\"},{\"@type\":\"ListItem\",\"position\":2,\"name\":\"Mentions l\u00e9gales\"}]},{\"@type\":\"WebSite\",\"@id\":\"https:\\\/\\\/www.eams-industrie.com\\\/#website\",\"url\":\"https:\\\/\\\/www.eams-industrie.com\\\/\",\"name\":\"EAMS Industrie\",\"description\":\"Conception et fabrication d\u2019\u00e9quipements pour l\u2019agroalimentaire et l\u2019industrie\",\"publisher\":{\"@id\":\"https:\\\/\\\/www.eams-industrie.com\\\/#organization\"},\"potentialAction\":[{\"@type\":\"SearchAction\",\"target\":{\"@type\":\"EntryPoint\",\"urlTemplate\":\"https:\\\/\\\/www.eams-industrie.com\\\/?s={search_term_string}\"},\"query-input\":{\"@type\":\"PropertyValueSpecification\",\"valueRequired\":true,\"valueName\":\"search_term_string\"}}],\"inLanguage\":\"pl-PL\"},{\"@type\":\"Organization\",\"@id\":\"https:\\\/\\\/www.eams-industrie.com\\\/#organization\",\"name\":\"EAMS Industrie\",\"url\":\"https:\\\/\\\/www.eams-industrie.com\\\/\",\"logo\":{\"@type\":\"ImageObject\",\"inLanguage\":\"pl-PL\",\"@id\":\"https:\\\/\\\/www.eams-industrie.com\\\/#\\\/schema\\\/logo\\\/image\\\/\",\"url\":\"https:\\\/\\\/www.eams-industrie.com\\\/wp-content\\\/uploads\\\/2023\\\/01\\\/Logo-EAMS.svg\",\"contentUrl\":\"https:\\\/\\\/www.eams-industrie.com\\\/wp-content\\\/uploads\\\/2023\\\/01\\\/Logo-EAMS.svg\",\"width\":149,\"height\":71,\"caption\":\"EAMS Industrie\"},\"image\":{\"@id\":\"https:\\\/\\\/www.eams-industrie.com\\\/#\\\/schema\\\/logo\\\/image\\\/\"}}]}<\/script>\n<!-- \/ Yoast SEO plugin. -->","yoast_head_json":{"title":"Informacje prawne - EAMS Industrie","robots":{"index":"noindex","follow":"nofollow"},"og_locale":"pl_PL","og_type":"article","og_title":"Mentions l\u00e9gales - EAMS Industrie","og_description":"1. Pr\u00e9sentation du site : Conform\u00e9ment aux dispositions des articles 6-III et 19 de la Loi n\u00b0 2004-575 du 21 juin 2004 pour la Confiance dans l&rsquo;\u00e9conomie num\u00e9rique, dite L.C.E.N., nous portons \u00e0 la connaissance des utilisateurs et visiteurs du site : eams-industrie.com les informations suivantes : Informations l\u00e9gales : Statut du propri\u00e9taire : societePr\u00e9fixe [&hellip;]","og_url":"https:\/\/www.eams-industrie.com\/pl\/informacje-prawne\/","og_site_name":"EAMS Industrie","article_modified_time":"2026-03-18T14:13:48+00:00","og_image":[{"width":1440,"height":635,"url":"https:\/\/www.eams-industrie.com\/wp-content\/uploads\/2026\/03\/EAMS-Industrie-2.jpg","type":"image\/jpeg"}],"twitter_card":"summary_large_image","twitter_misc":{"Szacowany czas czytania":"5 minut"},"schema":{"@context":"https:\/\/schema.org","@graph":[{"@type":"WebPage","@id":"https:\/\/www.eams-industrie.com\/mentions-legales\/","url":"https:\/\/www.eams-industrie.com\/mentions-legales\/","name":"Informacje prawne - EAMS Industrie","isPartOf":{"@id":"https:\/\/www.eams-industrie.com\/#website"},"primaryImageOfPage":{"@id":"https:\/\/www.eams-industrie.com\/mentions-legales\/#primaryimage"},"image":{"@id":"https:\/\/www.eams-industrie.com\/mentions-legales\/#primaryimage"},"thumbnailUrl":"https:\/\/www.eams-industrie.com\/wp-content\/uploads\/2026\/03\/EAMS-Industrie-2.jpg","datePublished":"2016-11-26T19:18:19+00:00","dateModified":"2026-03-18T14:13:48+00:00","breadcrumb":{"@id":"https:\/\/www.eams-industrie.com\/mentions-legales\/#breadcrumb"},"inLanguage":"pl-PL","potentialAction":[{"@type":"ReadAction","target":["https:\/\/www.eams-industrie.com\/mentions-legales\/"]}]},{"@type":"ImageObject","inLanguage":"pl-PL","@id":"https:\/\/www.eams-industrie.com\/mentions-legales\/#primaryimage","url":"https:\/\/www.eams-industrie.com\/wp-content\/uploads\/2026\/03\/EAMS-Industrie-2.jpg","contentUrl":"https:\/\/www.eams-industrie.com\/wp-content\/uploads\/2026\/03\/EAMS-Industrie-2.jpg","width":1440,"height":635},{"@type":"BreadcrumbList","@id":"https:\/\/www.eams-industrie.com\/mentions-legales\/#breadcrumb","itemListElement":[{"@type":"ListItem","position":1,"name":"Accueil","item":"https:\/\/www.eams-industrie.com\/"},{"@type":"ListItem","position":2,"name":"Mentions l\u00e9gales"}]},{"@type":"WebSite","@id":"https:\/\/www.eams-industrie.com\/#website","url":"https:\/\/www.eams-industrie.com\/","name":"EAMS Industrie","description":"Projektowanie i produkcja sprz\u0119tu dla sektora rolno-spo\u017cywczego i przemys\u0142owego","publisher":{"@id":"https:\/\/www.eams-industrie.com\/#organization"},"potentialAction":[{"@type":"SearchAction","target":{"@type":"EntryPoint","urlTemplate":"https:\/\/www.eams-industrie.com\/?s={search_term_string}"},"query-input":{"@type":"PropertyValueSpecification","valueRequired":true,"valueName":"search_term_string"}}],"inLanguage":"pl-PL"},{"@type":"Organization","@id":"https:\/\/www.eams-industrie.com\/#organization","name":"EAMS Industrie","url":"https:\/\/www.eams-industrie.com\/","logo":{"@type":"ImageObject","inLanguage":"pl-PL","@id":"https:\/\/www.eams-industrie.com\/#\/schema\/logo\/image\/","url":"https:\/\/www.eams-industrie.com\/wp-content\/uploads\/2023\/01\/Logo-EAMS.svg","contentUrl":"https:\/\/www.eams-industrie.com\/wp-content\/uploads\/2023\/01\/Logo-EAMS.svg","width":149,"height":71,"caption":"EAMS Industrie"},"image":{"@id":"https:\/\/www.eams-industrie.com\/#\/schema\/logo\/image\/"}}]}},"_links":{"self":[{"href":"https:\/\/www.eams-industrie.com\/pl\/wp-json\/wp\/v2\/pages\/75064","targetHints":{"allow":["GET"]}}],"collection":[{"href":"https:\/\/www.eams-industrie.com\/pl\/wp-json\/wp\/v2\/pages"}],"about":[{"href":"https:\/\/www.eams-industrie.com\/pl\/wp-json\/wp\/v2\/types\/page"}],"author":[{"embeddable":true,"href":"https:\/\/www.eams-industrie.com\/pl\/wp-json\/wp\/v2\/users\/1"}],"replies":[{"embeddable":true,"href":"https:\/\/www.eams-industrie.com\/pl\/wp-json\/wp\/v2\/comments?post=75064"}],"version-history":[{"count":5,"href":"https:\/\/www.eams-industrie.com\/pl\/wp-json\/wp\/v2\/pages\/75064\/revisions"}],"predecessor-version":[{"id":80013,"href":"https:\/\/www.eams-industrie.com\/pl\/wp-json\/wp\/v2\/pages\/75064\/revisions\/80013"}],"wp:featuredmedia":[{"embeddable":true,"href":"https:\/\/www.eams-industrie.com\/pl\/wp-json\/wp\/v2\/media\/79418"}],"wp:attachment":[{"href":"https:\/\/www.eams-industrie.com\/pl\/wp-json\/wp\/v2\/media?parent=75064"}],"curies":[{"name":"wp","href":"https:\/\/api.w.org\/{rel}","templated":true}]}}